{"id":175,"date":"2021-08-12T07:11:10","date_gmt":"2021-08-12T07:11:10","guid":{"rendered":"https:\/\/frauenaerztinnen-im-hain.de\/?page_id=175"},"modified":"2025-12-15T19:24:26","modified_gmt":"2025-12-15T19:24:26","slug":"aertze","status":"publish","type":"page","link":"https:\/\/frauenaerztinnen-im-hain.de\/?page_id=175","title":{"rendered":"\u00c4rztinnen"},"content":{"rendered":"<p>[et_pb_section fb_built=&#8220;1&#8243; fullwidth=&#8220;on&#8220; _builder_version=&#8220;4.16&#8243; _module_preset=&#8220;default&#8220; animation_style=&#8220;fade&#8220; animation_duration=&#8220;1550ms&#8220; animation_delay=&#8220;150ms&#8220; box_shadow_style=&#8220;preset2&#8243; locked=&#8220;off&#8220; global_colors_info=&#8220;{}&#8220;][et_pb_fullwidth_header title=&#8220;\u00c4rztinnen&#8220; _builder_version=&#8220;4.16&#8243; _module_preset=&#8220;default&#8220; title_text_align=&#8220;center&#8220; title_font_size=&#8220;60px&#8220; subhead_text_align=&#8220;center&#8220; background_color=&#8220;RGBA(0,0,0,0)&#8220; background_image=&#8220;https:\/\/frauenaerztinnen-im-hain.de\/wp-content\/uploads\/2021\/11\/Praxis-FiH-101_3.jpg&#8220; custom_padding=&#8220;200px||200px|||&#8220; custom_padding_tablet=&#8220;60px||60px||false|false&#8220; custom_padding_phone=&#8220;30px||30px||false|false&#8220; custom_padding_last_edited=&#8220;on|desktop&#8220; title_font_size_tablet=&#8220;44px&#8220; title_font_size_phone=&#8220;30px&#8220; title_font_size_last_edited=&#8220;on|phone&#8220; text_shadow_style=&#8220;preset2&#8243; locked=&#8220;off&#8220; global_colors_info=&#8220;{}&#8220;][\/et_pb_fullwidth_header][\/et_pb_section][et_pb_section fb_built=&#8220;1&#8243; _builder_version=&#8220;4.16&#8243; _module_preset=&#8220;default&#8220; global_colors_info=&#8220;{}&#8220;][et_pb_row _builder_version=&#8220;4.16&#8243; _module_preset=&#8220;default&#8220; animation_style=&#8220;fade&#8220; animation_duration=&#8220;1550ms&#8220; animation_delay=&#8220;150ms&#8220; global_colors_info=&#8220;{}&#8220;][et_pb_column type=&#8220;4_4&#8243; _builder_version=&#8220;4.16&#8243; _module_preset=&#8220;default&#8220; global_colors_info=&#8220;{}&#8220;][et_pb_text admin_label=&#8220;Text&#8220; _builder_version=&#8220;4.16&#8243; _module_preset=&#8220;default&#8220; global_colors_info=&#8220;{}&#8220;]<\/p>\n<h3><span style=\"text-decoration: underline;\">Drei \u00c4rztinnen<\/span><\/h3>\n<p><span style=\"text-decoration: underline;\"><\/span><\/p>\n<h3><\/h3>\n<h3><em><mark3>\u2013 Ein Team<\/mark3><\/em><\/h3>\n<h3><\/h3>\n<p>&nbsp;<\/p>\n<blockquote>\n<h4>Doris Wendland, Aur\u00e9lie Meier und Franziska Ku\u00dfmann sind als Ihre Frauen\u00e4rztinnen im Hain gemeinsam f\u00fcr Sie da.<\/h4>\n<\/blockquote>\n<p>&nbsp;<\/p>\n<p>Mit unseren unterschiedlichen Schwerpunkten finden Sie eine umfassende und qualitativ hochwertige Betreuung. Der<mark2> Blick auf jede einzelne Patientin<\/mark2> mit ihren individuellen Bed\u00fcrfnissen ist uns besonders wichtig und steht im Mittelpunkt unserer Arbeit.<\/p>\n<p>[\/et_pb_text][\/et_pb_column][\/et_pb_row][\/et_pb_section][et_pb_section fb_built=&#8220;1&#8243; _builder_version=&#8220;4.16&#8243; _module_preset=&#8220;default&#8220; width=&#8220;100%&#8220; global_colors_info=&#8220;{}&#8220;][et_pb_row column_structure=&#8220;1_2,1_2&#8243; _builder_version=&#8220;4.16&#8243; _module_preset=&#8220;default&#8220; animation_style=&#8220;fade&#8220; animation_duration=&#8220;1550ms&#8220; animation_delay=&#8220;150ms&#8220; global_colors_info=&#8220;{}&#8220;][et_pb_column type=&#8220;1_2&#8243; _builder_version=&#8220;4.16&#8243; _module_preset=&#8220;default&#8220; global_colors_info=&#8220;{}&#8220;][et_pb_image src=&#8220;https:\/\/frauenaerztinnen-im-hain.de\/wp-content\/uploads\/2021\/11\/Heads_Box_1.jpg&#8220; title_text=&#8220;Heads_Box_1&#8243; align=&#8220;center&#8220; _builder_version=&#8220;4.16&#8243; _module_preset=&#8220;default&#8220; width=&#8220;80%&#8220; width_tablet=&#8220;50%&#8220; width_phone=&#8220;50%&#8220; width_last_edited=&#8220;on|desktop&#8220; custom_margin=&#8220;18%||||false|false&#8220; border_radii=&#8220;on|50%|50%|50%|50%&#8220; box_shadow_style=&#8220;preset2&#8243; global_colors_info=&#8220;{}&#8220;][\/et_pb_image][\/et_pb_column][et_pb_column type=&#8220;1_2&#8243; _builder_version=&#8220;4.16&#8243; _module_preset=&#8220;default&#8220; global_colors_info=&#8220;{}&#8220;][et_pb_text admin_label=&#8220;Text&#8220; _builder_version=&#8220;4.20.0&#8243; _module_preset=&#8220;default&#8220; global_colors_info=&#8220;{}&#8220;]<\/p>\n<h3>Dr. Doris Wendland<\/h3>\n<p>&nbsp;<\/p>\n<p><span style=\"text-decoration: underline;\">1979-1986<\/span> Medizinstudium an der Ludwig-Maximilians-Universit\u00e4t M\u00fcnchen<\/p>\n<p><span style=\"text-decoration: underline;\">1985<\/span> 1 Jahr im Ilembula Lutheran Hospital Ilembula\/Tansania\/Ostafrika<\/p>\n<p><span style=\"text-decoration: underline;\">1986<\/span> Approbation<\/p>\n<p><span style=\"text-decoration: underline;\">1986-1989<\/span> Assistenz\u00e4rztin in psychosomatischer Klinik Buching\/Allg\u00e4uAusbildung zum NLP-Practitioner (l\u00f6sungsorientierte Kurzzeittherapie) und in Hypnotherapie Promotion an der Technischen Universit\u00e4t M\u00fcnchen im Echokardiografielabor<\/p>\n<p><span style=\"text-decoration: underline;\">1989-1992<\/span> Fach\u00e4rztin f\u00fcr Gyn\u00e4kologie und Geburtshilfe an der Technischen Universit\u00e4t M\u00fcnchen mit Schwerpunkt Pr\u00e4natale Diagnostik, Erwerb der DEGUM II-Qualifikation<\/p>\n<p><span style=\"text-decoration: underline;\">1991<\/span> Geburt unserer Tochter in Augsburg<\/p>\n<p><span style=\"text-decoration: underline;\">1992-1995<\/span> Fach\u00e4rztin f\u00fcr Gyn\u00e4kologie und Geburtshilfe am Klinikum Bamberg mit Schwerpunkt Pr\u00e4natale Diagnostik<\/p>\n<p><span style=\"text-decoration: underline;\"> Seit 1996<\/span> Niederlassung in eigener Praxis<\/p>\n<p><span style=\"text-decoration: underline;\">1996-2004<\/span> Miteigent\u00fcmerin des Geburtshauses in Bamberg<\/p>\n<p><span style=\"text-decoration: underline;\">1997<\/span> Geburt unseres Sohnes im Geburtshaus Bamberg<\/p>\n<p><span style=\"text-decoration: underline;\">2004-2021<\/span> In der Praxisgemeinschaft mit Dr. Peisl, Willy-Lessing-Str. 9<\/p>\n<p><span style=\"text-decoration: underline;\">Seit 2021<\/span> In der Praxis Frauen\u00e4rztinnen im Hain<\/p>\n<p><strong> Spezialisierung:<\/strong><\/p>\n<p>Degum II &#8211; Pr\u00e4natale Diagnostik: sonografische Feindiagnostik, Dopplersonografie des feto-maternalen Gef\u00e4\u00dfsystems, fetale Echokardiografie<\/p>\n<p>Ersttrimesterscreening: FMF Deutschland und FMF England<\/p>\n<p>Qualifikation zur fachgebundenen genetischen Beratung<\/p>\n<p>&nbsp;<\/p>\n<p>&nbsp;<\/p>\n<p>[\/et_pb_text][\/et_pb_column][\/et_pb_row][et_pb_row column_structure=&#8220;1_2,1_2&#8243; _builder_version=&#8220;4.16&#8243; _module_preset=&#8220;default&#8220; custom_margin=&#8220;50px|auto|50px|auto||&#8220; animation_style=&#8220;fade&#8220; animation_duration=&#8220;1550ms&#8220; animation_delay=&#8220;150ms&#8220; global_colors_info=&#8220;{}&#8220;][et_pb_column type=&#8220;1_2&#8243; _builder_version=&#8220;4.16&#8243; _module_preset=&#8220;default&#8220; global_colors_info=&#8220;{}&#8220;][et_pb_image src=&#8220;https:\/\/frauenaerztinnen-im-hain.de\/wp-content\/uploads\/2021\/11\/Heads_Box_3.jpg&#8220; title_text=&#8220;Heads_Box_3&#8243; align=&#8220;center&#8220; _builder_version=&#8220;4.16&#8243; _module_preset=&#8220;default&#8220; width=&#8220;80%&#8220; width_tablet=&#8220;50%&#8220; width_phone=&#8220;50%&#8220; width_last_edited=&#8220;on|phone&#8220; custom_margin=&#8220;18%||||false|false&#8220; border_radii=&#8220;on|50%|50%|50%|50%&#8220; box_shadow_style=&#8220;preset2&#8243; global_colors_info=&#8220;{}&#8220;][\/et_pb_image][\/et_pb_column][et_pb_column type=&#8220;1_2&#8243; _builder_version=&#8220;4.16&#8243; _module_preset=&#8220;default&#8220; global_colors_info=&#8220;{}&#8220;][et_pb_text _builder_version=&#8220;4.20.0&#8243; _module_preset=&#8220;default&#8220; global_colors_info=&#8220;{}&#8220;]<\/p>\n<h3>Dr. Aur\u00e9lie Meier<\/h3>\n<p>&nbsp;<\/p>\n<p><span style=\"text-decoration: underline;\">2006 -2011<\/span> Medizinstudium an der Medizinischen Hochschule Hannover<\/p>\n<p><span style=\"text-decoration: underline;\">2008\/2009<\/span> Erasmus-Studium in Lausanne, Schweiz<\/p>\n<p><span style=\"text-decoration: underline;\">11\/2011<\/span> Approbation<\/p>\n<p><span style=\"text-decoration: underline;\">2012-2019<\/span> Assistenz\u00e4rztin f\u00fcr Frauenheilkunde und Geburtshilfe in der Frauenklinik der Sozialstiftung Bamberg<\/p>\n<p><span style=\"text-decoration: underline;\">Ab 2014<\/span> Erwerb des Kolposkopiediploms und Durchf\u00fchrung der Dysplasiesprechstunde Bamberg<\/p>\n<p><span style=\"text-decoration: underline;\">2016<\/span> Geburt unseres Sohnes<\/p>\n<p><span style=\"text-decoration: underline;\">2017<\/span> Promotion am Institut f\u00fcr Musikphysiologie und Musiker-Medizin der Hochschule f\u00fcr Musik, Theater und Medien Hannover zum Thema: Charakterisierung der feinmotorischen Fertigkeiten der H\u00e4nde bei Musikern mit fokaler Dystonie anhand der Wiener Motorischen Leistungsserie, eines Schreibbrettes und einer Fingerkraftmesseinheit<\/p>\n<p><span style=\"text-decoration: underline;\">12\/2018<\/span> Facharztpr\u00fcfung<\/p>\n<p><span style=\"text-decoration: underline;\">2018-2021<\/span> Fach\u00e4rztin in der Frauenklinik der Sozialstiftung Bamberg und im \u00c4rztlichen Praxis Zentrum der Sozialstiftung Bamberg<\/p>\n<p><span style=\"text-decoration: underline;\">2019<\/span> Zertifizierung der Dysplasiesprechstunde: \u201eZertifizierte Gyn\u00e4kologische Dysplasie-Sprechstunde durch die Deutsche Krebs Gesellschaft\u201c<\/p>\n<p><span style=\"text-decoration: underline;\">2019<\/span> Geburt unserer Tochter<\/p>\n<p><span style=\"text-decoration: underline;\">Ab 2021<\/span> In der Praxis Frauen\u00e4rztinnen im Hain<\/p>\n<p><strong>Spezialisierung:<\/strong><\/p>\n<p>Kolposkopiediplom<\/p>\n<p>Zertifizierte Gyn\u00e4kologische Dysplasie-Sprechstunde durch die Deutsche Krebs Gesellschaft<\/p>\n<p>Qualifikation zur fachgebundenen genetischen Beratung<\/p>\n<p>[\/et_pb_text][\/et_pb_column][\/et_pb_row][et_pb_row column_structure=&#8220;1_2,1_2&#8243; _builder_version=&#8220;4.16&#8243; _module_preset=&#8220;default&#8220; animation_style=&#8220;fade&#8220; animation_duration=&#8220;1550ms&#8220; animation_delay=&#8220;150ms&#8220; global_colors_info=&#8220;{}&#8220;][et_pb_column type=&#8220;1_2&#8243; _builder_version=&#8220;4.16&#8243; _module_preset=&#8220;default&#8220; global_colors_info=&#8220;{}&#8220;][et_pb_image src=&#8220;https:\/\/frauenaerztinnen-im-hain.de\/wp-content\/uploads\/2021\/11\/Heads_Box_2.jpg&#8220; title_text=&#8220;Heads_Box_2&#8243; align=&#8220;center&#8220; _builder_version=&#8220;4.16&#8243; _module_preset=&#8220;default&#8220; width=&#8220;80%&#8220; width_tablet=&#8220;50%&#8220; width_phone=&#8220;50%&#8220; width_last_edited=&#8220;on|phone&#8220; custom_margin=&#8220;20%||||false|false&#8220; border_radii=&#8220;on|50%|50%|50%|50%&#8220; box_shadow_style=&#8220;preset2&#8243; global_colors_info=&#8220;{}&#8220;][\/et_pb_image][\/et_pb_column][et_pb_column type=&#8220;1_2&#8243; _builder_version=&#8220;4.16&#8243; _module_preset=&#8220;default&#8220; global_colors_info=&#8220;{}&#8220;][et_pb_text _builder_version=&#8220;4.20.0&#8243; _module_preset=&#8220;default&#8220; text_font=&#8220;||||||||&#8220; hover_enabled=&#8220;0&#8243; global_colors_info=&#8220;{}&#8220; admin_label=&#8220;Text&#8220; sticky_enabled=&#8220;0&#8243;]<\/p>\n<h3>Dr. Franziska Ku\u00dfmann<\/h3>\n<p>&nbsp;<\/p>\n<p><span style=\"text-decoration: underline;\">2008-2014<\/span> Medizinstudium an der Friedrich-Alexander-Universit\u00e4t in Erlangen<\/p>\n<p><span style=\"text-decoration: underline;\">11\/2014<\/span> Approbation<\/p>\n<p><span style=\"text-decoration: underline;\">2015\u20132021<\/span> Assistenz\u00e4rztin f\u00fcr Frauenheilkunde und Geburtshilfe in der Frauenklinik der Sozialstiftung Bamberg<\/p>\n<p><span style=\"text-decoration: underline;\">2016<\/span> Promotion an der Kinderklinik des Universit\u00e4tsklinikums Erlangen zum Thema: Das Schmerzverhalten von Small-for-Gestational-Age (SGA)-Kindern<\/p>\n<p><span style=\"text-decoration: underline;\">2017<\/span> Geburt unseres Sohnes<\/p>\n<p><span style=\"text-decoration: underline;\">2017-2019<\/span> Mitarbeit im Brustkrebszentrum der Frauenklinik Bamberg<\/p>\n<p><span style=\"text-decoration: underline;\">2020<\/span> Geburt unserer Tochter<\/p>\n<p><span style=\"text-decoration: underline;\">Seit 2021<\/span> in der Praxis Frauen\u00e4rztinnen im Hain<\/p>\n<p><span style=\"text-decoration: underline;\">Seit 01\/2023<\/span> Fach\u00e4rztin f\u00fcr Frauenheilkunde und Geburtshilfe<\/p>\n<p>Ersttrimesterscreening: FMF Deutschland<\/p>\n<p>[\/et_pb_text][\/et_pb_column][\/et_pb_row][et_pb_row _builder_version=&#8220;4.16&#8243; _module_preset=&#8220;default&#8220; custom_margin=&#8220;100px||||false|false&#8220; animation_style=&#8220;fade&#8220; animation_duration=&#8220;1550ms&#8220; animation_delay=&#8220;150ms&#8220; global_colors_info=&#8220;{}&#8220;][et_pb_column type=&#8220;4_4&#8243; _builder_version=&#8220;4.16&#8243; _module_preset=&#8220;default&#8220; global_colors_info=&#8220;{}&#8220;][et_pb_text admin_label=&#8220;Text&#8220; _builder_version=&#8220;4.20.0&#8243; _module_preset=&#8220;default&#8220; global_colors_info=&#8220;{}&#8220;]<\/p>\n<h3><span style=\"text-decoration: underline;\">Zus\u00e4tzliche Qualifikationen in unserer Praxis:<\/span><\/h3>\n<p><em>\u00a0<\/em><\/p>\n<ul>\n<li><em>Kinesiotaping<\/em><\/li>\n<li><em>Disease-Management-Programm Brustkrebs<\/em><\/li>\n<li><em>Kooperation mit Sensiplan- und NFP- Mitarbeitern (nat\u00fcrliche Empf\u00e4ngnisverh\u00fctung)<\/em><\/li>\n<li><em>Hormon-und Stoffwechseltherapie (CMI)<\/em><\/li>\n<li><em>L\u00f6sungsorientierte Kurzzeitpsychotherapieverfahren (NLP, Hypnotherapie)<\/em><\/li>\n<li><em>Pr\u00e4ventions\u00e4rztin AGEP \u2013 Akademie f\u00fcr Pr\u00e4vention- und Gesundheitsf\u00f6rderung<\/em><\/li>\n<li><em>Psychosomatische Grundversorgung<\/em><\/li>\n<\/ul>\n<p>[\/et_pb_text][\/et_pb_column][\/et_pb_row][\/et_pb_section][et_pb_section fb_built=&#8220;1&#8243; fullwidth=&#8220;on&#8220; _builder_version=&#8220;4.16&#8243; _module_preset=&#8220;default&#8220; locked=&#8220;off&#8220; global_colors_info=&#8220;{}&#8220;][et_pb_fullwidth_header title=&#8220; &#8220; subhead=&#8220; &#8220; _builder_version=&#8220;4.16&#8243; _module_preset=&#8220;default&#8220; background_color=&#8220;RGBA(0,0,0,0)&#8220; background_image=&#8220;https:\/\/frauenaerztinnen-im-hain.de\/wp-content\/uploads\/2021\/11\/Praxis-FiH-022_2_FUssZEILE.jpg&#8220; parallax=&#8220;on&#8220; custom_padding=&#8220;17px|||||&#8220; filter_blur=&#8220;118px&#8220; filter_blur_tablet=&#8220;80px&#8220; filter_blur_phone=&#8220;50px&#8220; filter_blur_last_edited=&#8220;on|phone&#8220; global_colors_info=&#8220;{}&#8220; filter_blur__hover_enabled=&#8220;on|desktop&#8220; filter_blur__hover=&#8220;118px&#8220;]<\/p>\n<p>&nbsp;<\/p>\n<p>&nbsp;<\/p>\n<p>&nbsp;<\/p>\n<p>[\/et_pb_fullwidth_header][\/et_pb_section][et_pb_section fb_built=&#8220;1&#8243; _builder_version=&#8220;4.9.10&#8243; _module_preset=&#8220;default&#8220; global_module=&#8220;4445&#8243; global_colors_info=&#8220;{}&#8220;][et_pb_row _builder_version=&#8220;4.16&#8243; _module_preset=&#8220;default&#8220; animation_style=&#8220;fade&#8220; animation_duration=&#8220;1550ms&#8220; animation_delay=&#8220;150ms&#8220; global_colors_info=&#8220;{}&#8220;][et_pb_column type=&#8220;4_4&#8243; _builder_version=&#8220;4.16&#8243; _module_preset=&#8220;default&#8220; global_colors_info=&#8220;{}&#8220;][et_pb_text admin_label=&#8220;Text&#8220; _builder_version=&#8220;4.16&#8243; _module_preset=&#8220;default&#8220; min_height=&#8220;47.3px&#8220; custom_padding=&#8220;8px|||||&#8220; global_colors_info=&#8220;{}&#8220;]<\/p>\n<p>\u00a9 Frauen\u00e4rztinnen Dr. Doris Wendland, Dr. Aur\u00e9lie Meier und Dr. Franziska Ku\u00dfmann | <a href=\"https:\/\/frauenaerztinnen-im-hain.de\/?page_id=48\">Kontakt<\/a>\u00a0|\u00a0<a href=\"https:\/\/frauenaerztinnen-im-hain.de\/?page_id=5424&amp;preview=true\">Impressum<\/a>\u00a0|\u00a0<a href=\"https:\/\/frauenaerztinnen-im-hain.de\/?page_id=4441\">Datenschutzerkl\u00e4rung<\/a><\/p>\n<p>[\/et_pb_text][\/et_pb_column][\/et_pb_row][\/et_pb_section]<\/p>\n","protected":false},"excerpt":{"rendered":"<p>Drei \u00c4rztinnen \u2013 Ein Team &nbsp; Doris Wendland, Aur\u00e9lie Meier und Franziska Ku\u00dfmann sind als Ihre Frauen\u00e4rztinnen im Hain gemeinsam f\u00fcr Sie da. &nbsp; Mit unseren unterschiedlichen Schwerpunkten finden Sie eine umfassende und qualitativ hochwertige Betreuung. Der Blick auf jede einzelne Patientin mit ihren individuellen Bed\u00fcrfnissen ist uns besonders wichtig und steht im Mittelpunkt unserer [&hellip;]<\/p>\n","protected":false},"author":2,"featured_media":0,"parent":0,"menu_order":0,"comment_status":"closed","ping_status":"closed","template":"","meta":{"_et_pb_use_builder":"on","_et_pb_old_content":"","_et_gb_content_width":"","footnotes":""},"class_list":["post-175","page","type-page","status-publish","hentry"],"_links":{"self":[{"href":"https:\/\/frauenaerztinnen-im-hain.de\/index.php?rest_route=\/wp\/v2\/pages\/175","targetHints":{"allow":["GET"]}}],"collection":[{"href":"https:\/\/frauenaerztinnen-im-hain.de\/index.php?rest_route=\/wp\/v2\/pages"}],"about":[{"href":"https:\/\/frauenaerztinnen-im-hain.de\/index.php?rest_route=\/wp\/v2\/types\/page"}],"author":[{"embeddable":true,"href":"https:\/\/frauenaerztinnen-im-hain.de\/index.php?rest_route=\/wp\/v2\/users\/2"}],"replies":[{"embeddable":true,"href":"https:\/\/frauenaerztinnen-im-hain.de\/index.php?rest_route=%2Fwp%2Fv2%2Fcomments&post=175"}],"version-history":[{"count":71,"href":"https:\/\/frauenaerztinnen-im-hain.de\/index.php?rest_route=\/wp\/v2\/pages\/175\/revisions"}],"predecessor-version":[{"id":5700,"href":"https:\/\/frauenaerztinnen-im-hain.de\/index.php?rest_route=\/wp\/v2\/pages\/175\/revisions\/5700"}],"wp:attachment":[{"href":"https:\/\/frauenaerztinnen-im-hain.de\/index.php?rest_route=%2Fwp%2Fv2%2Fmedia&parent=175"}],"curies":[{"name":"wp","href":"https:\/\/api.w.org\/{rel}","templated":true}]}}