{"id":178,"date":"2021-08-12T07:12:23","date_gmt":"2021-08-12T07:12:23","guid":{"rendered":"https:\/\/frauenaerztinnen-im-hain.de\/?page_id=178"},"modified":"2022-06-01T08:11:05","modified_gmt":"2022-06-01T08:11:05","slug":"mfas","status":"publish","type":"page","link":"https:\/\/frauenaerztinnen-im-hain.de\/?page_id=178","title":{"rendered":"MFA\u00b4s"},"content":{"rendered":"<p>[et_pb_section fb_built=&#8220;1&#8243; fullwidth=&#8220;on&#8220; _builder_version=&#8220;4.9.10&#8243; _module_preset=&#8220;default&#8220; animation_style=&#8220;fade&#8220; animation_duration=&#8220;1550ms&#8220; animation_delay=&#8220;150ms&#8220; box_shadow_style=&#8220;preset2&#8243; locked=&#8220;off&#8220;][et_pb_fullwidth_header title=&#8220;Medizinische Fachangestellte&#8220; _builder_version=&#8220;4.9.10&#8243; _module_preset=&#8220;default&#8220; title_text_align=&#8220;center&#8220; title_font_size=&#8220;60px&#8220; subhead_text_align=&#8220;center&#8220; background_color=&#8220;RGBA(0,0,0,0)&#8220; background_image=&#8220;https:\/\/frauenaerztinnen-im-hain.de\/wp-content\/uploads\/2021\/11\/Praxis-FiH-001_2.jpg&#8220; background_position=&#8220;top_center&#8220; custom_padding=&#8220;200px||200px|||&#8220; custom_padding_tablet=&#8220;60px||60px||false|false&#8220; custom_padding_phone=&#8220;30px||30px||false|false&#8220; custom_padding_last_edited=&#8220;on|desktop&#8220; title_font_size_tablet=&#8220;44px&#8220; title_font_size_phone=&#8220;30px&#8220; title_font_size_last_edited=&#8220;on|phone&#8220; text_shadow_style=&#8220;preset2&#8243; locked=&#8220;off&#8220;][\/et_pb_fullwidth_header][\/et_pb_section][et_pb_section fb_built=&#8220;1&#8243; _builder_version=&#8220;4.9.10&#8243; _module_preset=&#8220;default&#8220;][et_pb_row _builder_version=&#8220;4.9.10&#8243; _module_preset=&#8220;default&#8220; custom_margin=&#8220;65px|auto||auto||&#8220;][et_pb_column type=&#8220;4_4&#8243; _builder_version=&#8220;4.9.10&#8243; _module_preset=&#8220;default&#8220;][et_pb_text _builder_version=&#8220;4.9.10&#8243; _module_preset=&#8220;default&#8220;]<\/p>\n<h3><span><span style=\"text-decoration: underline;\">Unsere Arzthelferinnen<\/span> <\/span><\/h3>\n<h3><\/h3>\n<p>&nbsp;<\/p>\n<h3><em><mark3>\u2013 freundlich und kompetent f\u00fcr Sie da!<\/mark3><\/em><\/h3>\n<p>\u00a0<span><\/span><\/p>\n<p>[\/et_pb_text][\/et_pb_column][\/et_pb_row][et_pb_row column_structure=&#8220;1_2,1_2&#8243; _builder_version=&#8220;4.9.10&#8243; _module_preset=&#8220;default&#8220;][et_pb_column type=&#8220;1_2&#8243; _builder_version=&#8220;4.9.10&#8243; _module_preset=&#8220;default&#8220;][et_pb_image src=&#8220;https:\/\/frauenaerztinnen-im-hain.de\/wp-content\/uploads\/2022\/05\/GUI_2977.jpg&#8220; alt=&#8220;Aur\u00e9lie Meier sitzt neben dem Kolposkop&#8220; title_text=&#8220;GUI_2977&#8243; align=&#8220;center&#8220; _builder_version=&#8220;4.9.10&#8243; _module_preset=&#8220;default&#8220; custom_css_main_element=&#8220;min-height: 25vw;||display: flex;||align-items: center;||justify-content: center;&#8220; box_shadow_style=&#8220;preset2&#8243;][\/et_pb_image][\/et_pb_column][et_pb_column type=&#8220;1_2&#8243; _builder_version=&#8220;4.9.10&#8243; _module_preset=&#8220;default&#8220;][et_pb_text _builder_version=&#8220;4.9.10&#8243; _module_preset=&#8220;default&#8220; custom_padding=&#8220;18%||0px||false|false&#8220;]<\/p>\n<p>&nbsp;<\/p>\n<p><span>Uns und unseren Arzthelferinnen ist es ein Anliegen, dass Sie sich bei uns wohl und gut aufgehoben f\u00fchlen. Weitere Zusatzqualifikationen unserer MFAs, wie z.B. das Kinesotaping bieten f\u00fcr Sie zus\u00e4tzliche Angebote f\u00fcr eine ganzheitliche Betreuung.<\/span><\/p>\n<p>[\/et_pb_text][\/et_pb_column][\/et_pb_row][\/et_pb_section][et_pb_section fb_built=&#8220;1&#8243; _builder_version=&#8220;4.9.10&#8243; _module_preset=&#8220;default&#8220; width=&#8220;100%&#8220; custom_padding=&#8220;|0px||||&#8220; locked=&#8220;off&#8220;][et_pb_row column_structure=&#8220;1_2,1_2&#8243; _builder_version=&#8220;4.9.10&#8243; _module_preset=&#8220;default&#8220; custom_margin=&#8220;||50px||false|false&#8220; animation_style=&#8220;fade&#8220; animation_duration=&#8220;1550ms&#8220; animation_delay=&#8220;150ms&#8220;][et_pb_column type=&#8220;1_2&#8243; _builder_version=&#8220;4.9.10&#8243; _module_preset=&#8220;default&#8220;][et_pb_text _builder_version=&#8220;4.9.10&#8243; _module_preset=&#8220;default&#8220; custom_margin=&#8220;30%||||false|false&#8220;]<\/p>\n<h3 class=\"et_pb_slide_title et-fb-editable-element et-fb-editable-element__editing\" data-shortcode-id=\"0.0.0-1630405576333\" data-quickaccess-id=\"header\" contenteditable=\"true\" style=\"text-align: center;\">Daniela Hoeft<span><\/span><\/h3>\n<p>[\/et_pb_text][\/et_pb_column][et_pb_column type=&#8220;1_2&#8243; _builder_version=&#8220;4.9.10&#8243; _module_preset=&#8220;default&#8220;][et_pb_image src=&#8220;https:\/\/frauenaerztinnen-im-hain.de\/wp-content\/uploads\/2022\/05\/GUI_2963_Daniela.jpg&#8220; alt=&#8220;Daniela&#8220; title_text=&#8220;GUI_2963_Daniela&#8220; align=&#8220;center&#8220; _builder_version=&#8220;4.9.10&#8243; _module_preset=&#8220;default&#8220; width=&#8220;80%&#8220; border_radii=&#8220;on|50%|50%|50%|50%&#8220; box_shadow_style=&#8220;preset2&#8243;][\/et_pb_image][\/et_pb_column][\/et_pb_row][et_pb_row column_structure=&#8220;1_2,1_2&#8243; make_equal=&#8220;on&#8220; _builder_version=&#8220;4.9.10&#8243; _module_preset=&#8220;default&#8220; custom_margin=&#8220;50px|auto|50px|auto|false|false&#8220; animation_style=&#8220;fade&#8220; animation_duration=&#8220;1550ms&#8220; animation_delay=&#8220;150ms&#8220;][et_pb_column type=&#8220;1_2&#8243; _builder_version=&#8220;4.9.10&#8243; _module_preset=&#8220;default&#8220;][et_pb_text _builder_version=&#8220;4.9.10&#8243; _module_preset=&#8220;default&#8220; custom_margin=&#8220;35%||||false|false&#8220; custom_padding=&#8220;||||false|false&#8220; custom_css_main_element=&#8220;||&#8220;]<\/p>\n<h3 style=\"text-align: center;\"><span>Franziska Steiner<\/span><span><\/span><\/h3>\n<p>[\/et_pb_text][\/et_pb_column][et_pb_column type=&#8220;1_2&#8243; _builder_version=&#8220;4.9.10&#8243; _module_preset=&#8220;default&#8220;][et_pb_image src=&#8220;https:\/\/frauenaerztinnen-im-hain.de\/wp-content\/uploads\/2021\/11\/Heads_Box_6.jpg&#8220; title_text=&#8220;Heads_Box_6&#8243; align=&#8220;center&#8220; _builder_version=&#8220;4.9.10&#8243; _module_preset=&#8220;default&#8220; width=&#8220;80%&#8220; border_radii=&#8220;on|50%|50%|50%|50%&#8220; box_shadow_style=&#8220;preset2&#8243;][\/et_pb_image][\/et_pb_column][\/et_pb_row][et_pb_row column_structure=&#8220;1_2,1_2&#8243; _builder_version=&#8220;4.9.10&#8243; _module_preset=&#8220;default&#8220; custom_margin=&#8220;50px||50px||false|false&#8220; animation_style=&#8220;fade&#8220; animation_duration=&#8220;1550ms&#8220; animation_delay=&#8220;150ms&#8220;][et_pb_column type=&#8220;1_2&#8243; _builder_version=&#8220;4.9.10&#8243; _module_preset=&#8220;default&#8220;][et_pb_text _builder_version=&#8220;4.9.10&#8243; _module_preset=&#8220;default&#8220; custom_margin=&#8220;34%||||false|false&#8220;]<\/p>\n<h3 style=\"text-align: center;\"><span>Yasemin Cetin<\/span><span><\/span><\/h3>\n<p>[\/et_pb_text][\/et_pb_column][et_pb_column type=&#8220;1_2&#8243; _builder_version=&#8220;4.9.10&#8243; _module_preset=&#8220;default&#8220;][et_pb_image src=&#8220;https:\/\/frauenaerztinnen-im-hain.de\/wp-content\/uploads\/2021\/11\/Heads_Box_4.jpg&#8220; title_text=&#8220;Heads_Box_4&#8243; align=&#8220;center&#8220; _builder_version=&#8220;4.9.10&#8243; _module_preset=&#8220;default&#8220; width=&#8220;80%&#8220; border_radii=&#8220;on|50%|50%|50%|50%&#8220; box_shadow_style=&#8220;preset2&#8243;][\/et_pb_image][\/et_pb_column][\/et_pb_row][et_pb_row column_structure=&#8220;1_2,1_2&#8243; _builder_version=&#8220;4.9.10&#8243; _module_preset=&#8220;default&#8220; custom_margin=&#8220;50px||50px||false|false&#8220; custom_padding=&#8220;|||0px||&#8220; animation_style=&#8220;fade&#8220; animation_duration=&#8220;1550ms&#8220; animation_delay=&#8220;150ms&#8220;][et_pb_column type=&#8220;1_2&#8243; _builder_version=&#8220;4.9.10&#8243; _module_preset=&#8220;default&#8220;][et_pb_text _builder_version=&#8220;4.9.10&#8243; _module_preset=&#8220;default&#8220; custom_margin=&#8220;34%||||false|false&#8220; locked=&#8220;off&#8220;]<\/p>\n<h3 style=\"text-align: center;\"><span>Monika Keuchel<\/span><\/h3>\n<p>[\/et_pb_text][\/et_pb_column][et_pb_column type=&#8220;1_2&#8243; _builder_version=&#8220;4.9.10&#8243; _module_preset=&#8220;default&#8220;][et_pb_image src=&#8220;https:\/\/frauenaerztinnen-im-hain.de\/wp-content\/uploads\/2021\/11\/Heads_Box_5.jpg&#8220; title_text=&#8220;Heads_Box_5&#8243; align=&#8220;center&#8220; _builder_version=&#8220;4.9.10&#8243; _module_preset=&#8220;default&#8220; width=&#8220;80%&#8220; border_radii=&#8220;on|50%|50%|50%|50%&#8220; box_shadow_style=&#8220;preset2&#8243;][\/et_pb_image][\/et_pb_column][\/et_pb_row][\/et_pb_section][et_pb_section fb_built=&#8220;1&#8243; fullwidth=&#8220;on&#8220; _builder_version=&#8220;4.9.10&#8243; _module_preset=&#8220;default&#8220; animation_style=&#8220;fade&#8220; animation_duration=&#8220;1550ms&#8220; animation_delay=&#8220;150ms&#8220; locked=&#8220;off&#8220;][et_pb_fullwidth_header title=&#8220; &#8220; subhead=&#8220; &#8220; _builder_version=&#8220;4.9.10&#8243; _module_preset=&#8220;default&#8220; background_color=&#8220;RGBA(0,0,0,0)&#8220; background_image=&#8220;https:\/\/frauenaerztinnen-im-hain.de\/wp-content\/uploads\/2021\/11\/Praxis-FiH-002_3.jpg&#8220; parallax=&#8220;on&#8220; custom_padding=&#8220;0px||178px|||&#8220; box_shadow_style=&#8220;preset2&#8243;]<\/p>\n<p>&nbsp;<\/p>\n<p>&nbsp;<\/p>\n<p>&nbsp;<\/p>\n<p>[\/et_pb_fullwidth_header][\/et_pb_section][et_pb_section fb_built=&#8220;1&#8243; _builder_version=&#8220;4.9.10&#8243; _module_preset=&#8220;default&#8220; global_module=&#8220;4445&#8243;][et_pb_row _builder_version=&#8220;4.9.10&#8243; _module_preset=&#8220;default&#8220; animation_style=&#8220;fade&#8220; animation_duration=&#8220;1550ms&#8220; animation_delay=&#8220;150ms&#8220;][et_pb_column type=&#8220;4_4&#8243; _builder_version=&#8220;4.9.10&#8243; _module_preset=&#8220;default&#8220;][et_pb_text admin_label=&#8220;Text&#8220; _builder_version=&#8220;4.9.10&#8243; _module_preset=&#8220;default&#8220; min_height=&#8220;47.3px&#8220; custom_padding=&#8220;8px|||||&#8220;]<\/p>\n<p>\u00a9 Frauen\u00e4rztinnen Dr. Doris Wendland, Dr. Aur\u00e9lie Meier und Dr. Franziska Ku\u00dfmann | <a href=\"https:\/\/frauenaerztinnen-im-hain.de\/?page_id=48\">Kontakt<\/a>\u00a0|\u00a0<a href=\"https:\/\/frauenaerztinnen-im-hain.de\/?page_id=5424&amp;preview=true\">Impressum<\/a>\u00a0|\u00a0<a href=\"https:\/\/frauenaerztinnen-im-hain.de\/?page_id=4441\">Datenschutzerkl\u00e4rung<\/a><\/p>\n<p>[\/et_pb_text][\/et_pb_column][\/et_pb_row][\/et_pb_section]<\/p>\n","protected":false},"excerpt":{"rendered":"<p>Unsere Arzthelferinnen &nbsp; \u2013 freundlich und kompetent f\u00fcr Sie da! \u00a0&nbsp; Uns und unseren Arzthelferinnen ist es ein Anliegen, dass Sie sich bei uns wohl und gut aufgehoben f\u00fchlen. Weitere Zusatzqualifikationen unserer MFAs, wie z.B. das Kinesotaping bieten f\u00fcr Sie zus\u00e4tzliche Angebote f\u00fcr eine ganzheitliche Betreuung.Daniela HoeftFranziska SteinerYasemin CetinMonika Keuchel&nbsp; &nbsp; &nbsp;\u00a9 Frauen\u00e4rztinnen Dr. Doris [&hellip;]<\/p>\n","protected":false},"author":2,"featured_media":0,"parent":0,"menu_order":0,"comment_status":"closed","ping_status":"closed","template":"","meta":{"_et_pb_use_builder":"on","_et_pb_old_content":"","_et_gb_content_width":"","footnotes":""},"class_list":["post-178","page","type-page","status-publish","hentry"],"_links":{"self":[{"href":"https:\/\/frauenaerztinnen-im-hain.de\/index.php?rest_route=\/wp\/v2\/pages\/178","targetHints":{"allow":["GET"]}}],"collection":[{"href":"https:\/\/frauenaerztinnen-im-hain.de\/index.php?rest_route=\/wp\/v2\/pages"}],"about":[{"href":"https:\/\/frauenaerztinnen-im-hain.de\/index.php?rest_route=\/wp\/v2\/types\/page"}],"author":[{"embeddable":true,"href":"https:\/\/frauenaerztinnen-im-hain.de\/index.php?rest_route=\/wp\/v2\/users\/2"}],"replies":[{"embeddable":true,"href":"https:\/\/frauenaerztinnen-im-hain.de\/index.php?rest_route=%2Fwp%2Fv2%2Fcomments&post=178"}],"version-history":[{"count":49,"href":"https:\/\/frauenaerztinnen-im-hain.de\/index.php?rest_route=\/wp\/v2\/pages\/178\/revisions"}],"predecessor-version":[{"id":5578,"href":"https:\/\/frauenaerztinnen-im-hain.de\/index.php?rest_route=\/wp\/v2\/pages\/178\/revisions\/5578"}],"wp:attachment":[{"href":"https:\/\/frauenaerztinnen-im-hain.de\/index.php?rest_route=%2Fwp%2Fv2%2Fmedia&parent=178"}],"curies":[{"name":"wp","href":"https:\/\/api.w.org\/{rel}","templated":true}]}}