{"id":4114,"date":"2021-08-30T10:12:24","date_gmt":"2021-08-30T10:12:24","guid":{"rendered":"https:\/\/frauenaerztinnen-im-hain.de\/?page_id=4114"},"modified":"2021-11-12T14:51:11","modified_gmt":"2021-11-12T14:51:11","slug":"diagnostik-im-2-3-trimenon","status":"publish","type":"page","link":"https:\/\/frauenaerztinnen-im-hain.de\/?page_id=4114","title":{"rendered":"Diagnostik im 2.-3- Trimenon"},"content":{"rendered":"<p>[et_pb_section fb_built=&#8220;1&#8243; fullwidth=&#8220;on&#8220; _builder_version=&#8220;4.9.10&#8243; _module_preset=&#8220;default&#8220; animation_style=&#8220;fade&#8220; animation_duration=&#8220;1550ms&#8220; animation_delay=&#8220;150ms&#8220; box_shadow_style=&#8220;preset2&#8243; locked=&#8220;off&#8220;][et_pb_fullwidth_header title=&#8220;  &#8220; subhead=&#8220; &#8220; _builder_version=&#8220;4.9.10&#8243; _module_preset=&#8220;default&#8220; title_text_align=&#8220;center&#8220; title_font_size=&#8220;60px&#8220; subhead_text_align=&#8220;center&#8220; background_color=&#8220;RGBA(0,0,0,0)&#8220; background_image=&#8220;https:\/\/frauenaerztinnen-im-hain.de\/wp-content\/uploads\/2021\/11\/Praxis-FiH-023_2.jpg&#8220; custom_padding=&#8220;200px||200px||false|false&#8220; custom_padding_tablet=&#8220;60px||60px||false|false&#8220; custom_padding_phone=&#8220;30px||30px||false|false&#8220; custom_padding_last_edited=&#8220;on|phone&#8220; hover_enabled=&#8220;0&#8243; title_font_size_tablet=&#8220;44px&#8220; title_font_size_phone=&#8220;30px&#8220; title_font_size_last_edited=&#8220;on|phone&#8220; text_shadow_style=&#8220;preset2&#8243; alt=&#8220;Flur bei den Frauen\u00e4rztinnen im Hain&#8220; title_text=&#8220;Flur bei den Frauen\u00e4rztinnen im Hain&#8220; sticky_enabled=&#8220;0&#8243;]<\/p>\n<p>&nbsp;<\/p>\n<p>&nbsp;<\/p>\n<p>[\/et_pb_fullwidth_header][\/et_pb_section][et_pb_section fb_built=&#8220;1&#8243; _builder_version=&#8220;4.9.10&#8243; _module_preset=&#8220;default&#8220; custom_padding=&#8220;||3px|||&#8220;][et_pb_row _builder_version=&#8220;4.9.10&#8243; _module_preset=&#8220;default&#8220; animation_style=&#8220;fade&#8220; animation_duration=&#8220;1550ms&#8220; animation_delay=&#8220;150ms&#8220;][et_pb_column type=&#8220;4_4&#8243; _builder_version=&#8220;4.9.10&#8243; _module_preset=&#8220;default&#8220;][et_pb_text _builder_version=&#8220;4.9.10&#8243; _module_preset=&#8220;default&#8220;]<\/p>\n<h3><span style=\"text-decoration: underline;\">Diagnosik im 2. und 3. Schwangerschaftsdrittel und bis zur Geburt<\/span><\/h3>\n<p>&nbsp;<\/p>\n<h3>Wie entwickelt sich mein Kind?<\/h3>\n<p>&nbsp;<\/p>\n<blockquote>\n<h5>Moderne Technik und unsere Erfahrung bringen Ihnen ein hohes Ma\u00df an Sicherheit. Wir k\u00f6nnen die Entwicklung und das Wachstum Ihres Kindes \u00fcberpr\u00fcfen, Sie haben die Freude, Ihrem Kind dabei zuzusehen.<\/h5>\n<\/blockquote>\n<p>[\/et_pb_text][\/et_pb_column][\/et_pb_row][\/et_pb_section][et_pb_section fb_built=&#8220;1&#8243; _builder_version=&#8220;4.9.10&#8243; _module_preset=&#8220;default&#8220; locked=&#8220;off&#8220;][et_pb_row module_class=&#8220;equal-tabs2&#8243; _builder_version=&#8220;4.9.10&#8243; _module_preset=&#8220;default&#8220; animation_style=&#8220;fade&#8220; animation_duration=&#8220;1550ms&#8220; animation_delay=&#8220;150ms&#8220; border_style_all=&#8220;none&#8220;][et_pb_column type=&#8220;4_4&#8243; _builder_version=&#8220;4.9.10&#8243; _module_preset=&#8220;default&#8220;][et_pb_tabs active_tab_background_color=&#8220;#FFFFFF&#8220; inactive_tab_background_color=&#8220;#FFFFFF&#8220; active_tab_text_color=&#8220;#cc9966&#8243; _builder_version=&#8220;4.9.10&#8243; _module_preset=&#8220;default&#8220; tab_text_color=&#8220;#000000&#8243; body_font=&#8220;||||||||&#8220; width=&#8220;100%&#8220; custom_css_tabs_controls=&#8220;background: transparent!important;||&#8220; custom_css_tab=&#8220;border: none!important;||&#8220; custom_css_active_tab=&#8220;border: 2px solid #cc9966!important; ||border-radius: 4px;||&#8220; border_width_all=&#8220;0px&#8220; border_style_all=&#8220;none&#8220;][et_pb_tab title=&#8220;DIAGNOSTIK IM 2.-3. TRIMENON&#8220; _builder_version=&#8220;4.9.10&#8243; _module_preset=&#8220;default&#8220;]<\/p>\n<header>\n<header>\n<h2 class=\"\"><\/h2>\n<h2 class=\"\"><\/h2>\n<h2 class=\"\"><\/h2>\n<h3>DIAGNOSTIK IM 2.-3. TRIMENON<\/h3>\n<p>&nbsp;<\/p>\n<\/header>\n<div class=\"ce-textpic ce-center ce-above\">\n<div class=\"ce-bodytext\">\n<p>Durch die sonografische Feindiagnostik wird die k\u00f6rperliche Entwicklung des ungeborenen Kindes beurteilt.<\/p>\n<p>Diese eingehende Untersuchung sollte zwischen der 20.-22. Schwangerschaftswoche durchgef\u00fchrt werden, um m\u00f6glichst viele Details zu erkennen. Dabei werden sowohl die regelrechte Anlage und normale Ausbildung von K\u00f6rperteilen und Organen als auch der Entwicklungszustand, Gr\u00f6\u00dfe und Proportion des Feten \u00fcberpr\u00fcft. Es werden auch das Bewegungsmuster des Kindes, die Fruchtwassermenge und die Lage der Plazenta und der Nabelschnuransatz dargestellt. Eine fetale Echokardiografie, d.h. die spezielle Ultraschalldarstellung des kindlichen Herzens unter Zuschalten der farbcodierten Dopplersonografie, geh\u00f6rt zu dieser Untersuchung. Dabei wird das fetale Herz in seiner Struktur, Lage und Funktion sowie die gro\u00dfen Blutgef\u00e4\u00dfe beurteilt.<\/p>\n<p>Mehr als 95% der Kinder sind bei der Geburt gesund. Der differenzierte Fehlbildungsausschluss kann dazu beitragen, Ihnen ein hohes Ma\u00df an Sicherheit zu geben, auch wenn dabei Fehlbildungen und andere Ver\u00e4nderungen nicht 100%ig ausgeschlossen werden, auch bei modernster Ger\u00e4tequalit\u00e4t und gro\u00dfer Kenntnis und Erfahrung der Untersucher.<\/p>\n<p>Die Voraussetzung f\u00fcr diese Fehlbildungsdiagnostik ist eine spezielle Qualifikation des Untersuchers (DEGUM II und III), ein Ultraschallsystem mit modernster Technik und einem entsprechenden Dokumentationssystem.<\/p>\n<p>Diese Feindiagnostik ist nicht Bestandteil der Schwangerenvorsorge nach den Richtlinien der Mutterschaftsvorsorge. Sie kann als sog. Wahlleistung auf Wunsch der werdenden Eltern durchgef\u00fchrt werden. In diesen F\u00e4llen \u00fcbernehmen die Krankenkassen diese Kosten nicht.<\/p>\n<p>Bei folgenden Gr\u00fcnden (Aufz\u00e4hlung nur exemplarisch, nicht vollst\u00e4ndig) werden die Kosten von den Krankenkassen \u00fcbernommen:<\/p>\n<ul>\n<li>Fehlbildungen in der Familie<\/li>\n<li>Mehrlingsschwangerschaften<\/li>\n<li>Auff\u00e4llige, unklare oder nicht darzustellende Befunde beim Frauenarzt (Sie bekommen eine \u00dcberweisung)<\/li>\n<li>M\u00fctterliche Erkrankungen (z.B.: Diabetes mellitus, Infektionen oder Autoimmunerkrankungen, Bluthochdruck)<\/li>\n<li>Medikamenteneinnahme, Alkohol- oder Drogenkonsum etc.<\/li>\n<li>Blutungen oder Komplikationen in dieser Schwangerschaft oder bei vorherigen (z.B: Pr\u00e4eklampsie, verstorbenes Kind)<\/li>\n<li>Zustand nach Sterilit\u00e4tsbehandlung<\/li>\n<\/ul>\n<\/div>\n<\/div>\n<\/header>\n<p>[\/et_pb_tab][et_pb_tab title=&#8220;DIAGNOSTIK IM 3. TRIMENON&#8220; _builder_version=&#8220;4.9.10&#8243; _module_preset=&#8220;default&#8220;]<\/p>\n<header>\n<header>\n<h2 class=\"\"><\/h2>\n<h2 class=\"\"><\/h2>\n<h2 class=\"\"><\/h2>\n<h3>DIAGNOSTIK IM 3. TRIMENON<\/h3>\n<p>&nbsp;<\/p>\n<\/header>\n<div class=\"ce-textpic ce-center ce-above\">\n<div class=\"ce-bodytext\">\n<p>Die Ultraschalluntersuchung des Kindes jenseits der 30. Schwangerschaftswoche beurteilt das Wachstum und die Lage des Feten. Vaginalsonografisch kann die L\u00e4nge des Geb\u00e4rmutterhalses gemessen werden, um bei vorzeitigen Wehen, eine drohende Fr\u00fchgeburt rechtzeitig zu erkennen.<\/p>\n<p>Durch die Dopplersonografie der kindlichen und m\u00fctterlichen Gef\u00e4\u00dfe wird die Versorgung des Kindes durch die Plazenta \u00fcberpr\u00fcft. Diese erg\u00e4nzende Untersuchung ist besonders dann notwendig, wenn das Kind im Verlauf Wachstumsst\u00f6rungen zeigt.<\/p>\n<\/div>\n<\/div>\n<\/header>\n<p>[\/et_pb_tab][et_pb_tab title=&#8220;ECHOKARDIOGRAFIE&#8220; _builder_version=&#8220;4.9.10&#8243; _module_preset=&#8220;default&#8220;]<\/p>\n<header>\n<header>\n<h2 class=\"\"><\/h2>\n<h2 class=\"\"><\/h2>\n<h2 class=\"\"><\/h2>\n<h3>ECHOKARDIOGRAFIE<\/h3>\n<p>&nbsp;<\/p>\n<\/header>\n<div class=\"ce-textpic ce-center ce-above\">\n<div class=\"ce-bodytext\">\n<p>Bei dieser Untersuchung wird unter Hinzuziehung mehrerer Ultraschalltechniken (zum zweidimensionalen Bild werden auch die Aufzeichnung von Dopplerflusskurven und Farbdopplerverl\u00e4ufen hinzugeschaltet) das kindliche Herz dargestellt. Hierbei werden beurteilt:<\/p>\n<ul>\n<li>Die Lage, Gr\u00f6\u00dfe, Struktur und die Funktion des Herzens<\/li>\n<li>Der Abgang der gro\u00dfen Blutbahnen \u2013 ven\u00f6s und arteriell<\/li>\n<li>Die Funktion der Blutfl\u00fcsse in den gro\u00dfen Blutgef\u00e4\u00dfen und \u00fcber die Herzklappen<\/li>\n<li>Die Herzfrequenz und sein Rhythmus<\/li>\n<\/ul>\n<p>Eines von 100 Neugeborenen hat statistisch einen angeborenen Herzfehler. Mit der o.a. Echokardiografie lassen sich ca. 80-90% dieser Herzfehler erkennen. Diese Untersuchung sollte erfolgen bei:<\/p>\n<ul>\n<li>Herzfehler in der Familie<\/li>\n<li>M\u00fctterlichen Erkrankungen (z.B. Diabetes mellitus, Autoimmunerkrankungen)<\/li>\n<li>Infektionen der Mutter<\/li>\n<li>Vergr\u00f6\u00dferter Nackentransparenz beim Ersttrimesterscreening<\/li>\n<li>V. a. Herzfehler in einer der Ultraschalluntersuchungen<\/li>\n<li>Einnahme von Medikamenten, Drogen, Alkohol<\/li>\n<li>V. a. Herzrhythmusst\u00f6rungen<\/li>\n<\/ul>\n<p>Bei diesen Gr\u00fcnden werden die Kosten f\u00fcr diese Untersuchung von den Krankenkassen \u00fcbernommen. Auf Wunsch der Eltern ist diese Untersuchung als Selbstzahlerleistung m\u00f6glich.<\/p>\n<\/div>\n<\/div>\n<\/header>\n<p>[\/et_pb_tab][et_pb_tab title=&#8220;DOPPLERSONOGRAFIE&#8220; _builder_version=&#8220;4.9.10&#8243; _module_preset=&#8220;default&#8220;]<\/p>\n<header>\n<header>\n<h2 class=\"\"><\/h2>\n<h2 class=\"\"><\/h2>\n<h2 class=\"\"><\/h2>\n<h3>DOPPLERSONOGRAFIE<\/h3>\n<p>&nbsp;<\/p>\n<\/header>\n<div class=\"ce-textpic ce-center ce-above\">\n<div class=\"ce-bodytext\">\n<p>Die Dopplersonografie ist eine Erg\u00e4nzung des Ersttrimesterscreenings, der Ultraschallfeindiagnostik und ein wichtiger Bestandteil der Echokardiografie.<\/p>\n<p>Hierbei werden die kindlichen und m\u00fctterlichen Blutgef\u00e4\u00dfe dargestellt und \u00fcber die Messung von Str\u00f6mungsgeschwindigkeiten ihre Lage, Struktur und Funktion beurteilt.<br \/>u.a. notwendig bei:<\/p>\n<ul>\n<li>kindlichen Wachstumsst\u00f6rungen<\/li>\n<li>wenig Fruchtwasser<\/li>\n<li>der Herzdiagnostik<\/li>\n<li>Beurteilung der Plazentafunktion und ihrer Lageanomalien<\/li>\n<\/ul>\n<\/div>\n<\/div>\n<\/header>\n<p>[\/et_pb_tab][\/et_pb_tabs][\/et_pb_column][\/et_pb_row][\/et_pb_section][et_pb_section fb_built=&#8220;1&#8243; fullwidth=&#8220;on&#8220; _builder_version=&#8220;4.9.10&#8243; _module_preset=&#8220;default&#8220; animation_style=&#8220;fade&#8220; animation_duration=&#8220;1550ms&#8220; animation_delay=&#8220;150ms&#8220; box_shadow_style=&#8220;preset2&#8243; locked=&#8220;off&#8220;][et_pb_fullwidth_header title=&#8220; &#8220; subhead=&#8220; &#8220; _builder_version=&#8220;4.9.10&#8243; _module_preset=&#8220;default&#8220; background_color=&#8220;RGBA(0,0,0,0)&#8220; background_image=&#8220;https:\/\/frauenaerztinnen-im-hain.de\/wp-content\/uploads\/2021\/08\/csm_Sonobild_3D_2_9efcd7d414s-2.jpg&#8220; parallax=&#8220;on&#8220;]<\/p>\n<p>&nbsp;<\/p>\n<p>&nbsp;<\/p>\n<p>&nbsp;<\/p>\n<p>[\/et_pb_fullwidth_header][\/et_pb_section][et_pb_section fb_built=&#8220;1&#8243; _builder_version=&#8220;4.9.10&#8243; _module_preset=&#8220;default&#8220; global_module=&#8220;4445&#8243;][et_pb_row _builder_version=&#8220;4.9.10&#8243; _module_preset=&#8220;default&#8220; animation_style=&#8220;fade&#8220; animation_duration=&#8220;1550ms&#8220; animation_delay=&#8220;150ms&#8220;][et_pb_column type=&#8220;4_4&#8243; _builder_version=&#8220;4.9.10&#8243; _module_preset=&#8220;default&#8220;][et_pb_text admin_label=&#8220;Text&#8220; _builder_version=&#8220;4.9.10&#8243; _module_preset=&#8220;default&#8220;]<\/p>\n<p>\u00a9 Frauen\u00e4rztinnen Dr. Doris Wendland, Dr. Aur\u00e9lie Meier und Dr. Franziska Ku\u00dfmann | <a href=\"https:\/\/frauenaerztinnen-im-hain.de\/?page_id=48\">Kontakt<\/a>\u00a0|\u00a0<a href=\"https:\/\/frauenaerztinnen-im-hain.de\/?page_id=4439&amp;preview=true\">Impressum<\/a>\u00a0|\u00a0<a href=\"https:\/\/frauenaerztinnen-im-hain.de\/?page_id=4441\">Datenschutzerkl\u00e4rung<\/a><\/p>\n<p>[\/et_pb_text][\/et_pb_column][\/et_pb_row][\/et_pb_section]<\/p>\n","protected":false},"excerpt":{"rendered":"<p>&nbsp; &nbsp;Diagnosik im 2. und 3. Schwangerschaftsdrittel und bis zur Geburt &nbsp; Wie entwickelt sich mein Kind? &nbsp; Moderne Technik und unsere Erfahrung bringen Ihnen ein hohes Ma\u00df an Sicherheit. Wir k\u00f6nnen die Entwicklung und das Wachstum Ihres Kindes \u00fcberpr\u00fcfen, Sie haben die Freude, Ihrem Kind dabei zuzusehen. DIAGNOSTIK IM 2.-3. TRIMENON &nbsp; Durch die [&hellip;]<\/p>\n","protected":false},"author":2,"featured_media":0,"parent":0,"menu_order":0,"comment_status":"closed","ping_status":"closed","template":"","meta":{"_et_pb_use_builder":"on","_et_pb_old_content":"","_et_gb_content_width":"","footnotes":""},"class_list":["post-4114","page","type-page","status-publish","hentry"],"_links":{"self":[{"href":"https:\/\/frauenaerztinnen-im-hain.de\/index.php?rest_route=\/wp\/v2\/pages\/4114","targetHints":{"allow":["GET"]}}],"collection":[{"href":"https:\/\/frauenaerztinnen-im-hain.de\/index.php?rest_route=\/wp\/v2\/pages"}],"about":[{"href":"https:\/\/frauenaerztinnen-im-hain.de\/index.php?rest_route=\/wp\/v2\/types\/page"}],"author":[{"embeddable":true,"href":"https:\/\/frauenaerztinnen-im-hain.de\/index.php?rest_route=\/wp\/v2\/users\/2"}],"replies":[{"embeddable":true,"href":"https:\/\/frauenaerztinnen-im-hain.de\/index.php?rest_route=%2Fwp%2Fv2%2Fcomments&post=4114"}],"version-history":[{"count":25,"href":"https:\/\/frauenaerztinnen-im-hain.de\/index.php?rest_route=\/wp\/v2\/pages\/4114\/revisions"}],"predecessor-version":[{"id":5344,"href":"https:\/\/frauenaerztinnen-im-hain.de\/index.php?rest_route=\/wp\/v2\/pages\/4114\/revisions\/5344"}],"wp:attachment":[{"href":"https:\/\/frauenaerztinnen-im-hain.de\/index.php?rest_route=%2Fwp%2Fv2%2Fmedia&parent=4114"}],"curies":[{"name":"wp","href":"https:\/\/api.w.org\/{rel}","templated":true}]}}