{"id":65,"date":"2021-08-09T08:37:22","date_gmt":"2021-08-09T08:37:22","guid":{"rendered":"https:\/\/frauenaerztinnen-im-hain.de\/?page_id=65"},"modified":"2022-05-24T21:20:34","modified_gmt":"2022-05-24T21:20:34","slug":"team-2","status":"publish","type":"page","link":"https:\/\/frauenaerztinnen-im-hain.de\/?page_id=65","title":{"rendered":"Team"},"content":{"rendered":"<p>[et_pb_section fb_built=&#8220;1&#8243; _builder_version=&#8220;4.9.10&#8243; _module_preset=&#8220;default&#8220; custom_padding=&#8220;|0px||||&#8220;][et_pb_row column_structure=&#8220;1_2,1_2&#8243; _builder_version=&#8220;4.9.10&#8243; _module_preset=&#8220;default&#8220; module_alignment=&#8220;center&#8220; custom_margin=&#8220;|0px||0px|false|false&#8220;][et_pb_column type=&#8220;1_2&#8243; _builder_version=&#8220;4.9.10&#8243; _module_preset=&#8220;default&#8220;][et_pb_gallery gallery_ids=&#8220;5367,5571,5572&#8243; fullwidth=&#8220;on&#8220; _builder_version=&#8220;4.9.10&#8243; _module_preset=&#8220;default&#8220; background_color=&#8220;RGBA(0,0,0,0)&#8220; width=&#8220;66%&#8220; width_tablet=&#8220;&#8220; width_phone=&#8220;91%&#8220; width_last_edited=&#8220;on|phone&#8220; module_alignment=&#8220;right&#8220; custom_margin=&#8220;15%||||false|false&#8220; custom_padding=&#8220;||||false|false&#8220; animation_style=&#8220;fade&#8220; auto=&#8220;on&#8220; auto_speed=&#8220;3000&#8243; hover_enabled=&#8220;0&#8243; box_shadow_style=&#8220;preset2&#8243; locked=&#8220;off&#8220; sticky_enabled=&#8220;0&#8243;][\/et_pb_gallery][\/et_pb_column][et_pb_column type=&#8220;1_2&#8243; _builder_version=&#8220;4.9.10&#8243; _module_preset=&#8220;default&#8220;][et_pb_button button_url=&#8220;https:\/\/frauenaerztinnen-im-hain.de\/?page_id=175&#8243; button_text=&#8220;\u00c4rztinnen&#8220; button_alignment=&#8220;center&#8220; _builder_version=&#8220;4.9.10&#8243; _module_preset=&#8220;default&#8220; custom_margin=&#8220;25%||25%||false|false&#8220;][\/et_pb_button][et_pb_button button_url=&#8220;https:\/\/frauenaerztinnen-im-hain.de\/?page_id=178&#8243; button_text=&#8220;MFA\u00b4s&#8220; button_alignment=&#8220;center&#8220; _builder_version=&#8220;4.9.10&#8243; _module_preset=&#8220;default&#8220; custom_margin=&#8220;||||false|false&#8220;][\/et_pb_button][et_pb_button button_url=&#8220;https:\/\/frauenaerztinnen-im-hain.de\/?page_id=68&#8243; button_text=&#8220;Hebammen&#8220; button_alignment=&#8220;center&#8220; _builder_version=&#8220;4.9.10&#8243; _module_preset=&#8220;default&#8220; custom_margin=&#8220;25%||25%||false|false&#8220;][\/et_pb_button][\/et_pb_column][\/et_pb_row][\/et_pb_section][et_pb_section fb_built=&#8220;1&#8243; _builder_version=&#8220;4.9.10&#8243; _module_preset=&#8220;default&#8220;][et_pb_row _builder_version=&#8220;4.9.10&#8243; _module_preset=&#8220;default&#8220;][et_pb_column type=&#8220;4_4&#8243; _builder_version=&#8220;4.9.10&#8243; _module_preset=&#8220;default&#8220;][et_pb_text _builder_version=&#8220;4.9.10&#8243; _module_preset=&#8220;default&#8220;]<\/p>\n<p>&nbsp;<\/p>\n<p>&nbsp;<\/p>\n<p>&nbsp;<\/p>\n<p>[\/et_pb_text][\/et_pb_column][\/et_pb_row][\/et_pb_section][et_pb_section fb_built=&#8220;1&#8243; fullwidth=&#8220;on&#8220; _builder_version=&#8220;4.9.10&#8243; _module_preset=&#8220;default&#8220; locked=&#8220;off&#8220;][et_pb_fullwidth_header title=&#8220; &#8220; subhead=&#8220; &#8220; _builder_version=&#8220;4.9.10&#8243; _module_preset=&#8220;default&#8220; background_color=&#8220;RGBA(0,0,0,0)&#8220; background_image=&#8220;https:\/\/frauenaerztinnen-im-hain.de\/wp-content\/uploads\/2021\/10\/Praxis-FiH-031.jpg&#8220; parallax=&#8220;on&#8220; filter_blur=&#8220;118px&#8220; filter_blur_tablet=&#8220;80px&#8220; filter_blur_phone=&#8220;50px&#8220; filter_blur_last_edited=&#8220;on|phone&#8220;]<\/p>\n<p>&nbsp;<\/p>\n<p>&nbsp;<\/p>\n<p>&nbsp;<\/p>\n<p>[\/et_pb_fullwidth_header][\/et_pb_section][et_pb_section fb_built=&#8220;1&#8243; _builder_version=&#8220;4.9.10&#8243; _module_preset=&#8220;default&#8220; global_module=&#8220;4445&#8243;][et_pb_row _builder_version=&#8220;4.9.10&#8243; _module_preset=&#8220;default&#8220; animation_style=&#8220;fade&#8220; animation_duration=&#8220;1550ms&#8220; animation_delay=&#8220;150ms&#8220;][et_pb_column type=&#8220;4_4&#8243; _builder_version=&#8220;4.9.10&#8243; _module_preset=&#8220;default&#8220;][et_pb_text admin_label=&#8220;Text&#8220; _builder_version=&#8220;4.9.10&#8243; _module_preset=&#8220;default&#8220; min_height=&#8220;47.3px&#8220; custom_padding=&#8220;8px|||||&#8220;]<\/p>\n<p>\u00a9 Frauen\u00e4rztinnen Dr. Doris Wendland, Dr. Aur\u00e9lie Meier und Dr. Franziska Ku\u00dfmann | <a href=\"https:\/\/frauenaerztinnen-im-hain.de\/?page_id=48\">Kontakt<\/a>\u00a0|\u00a0<a href=\"https:\/\/frauenaerztinnen-im-hain.de\/?page_id=5424&amp;preview=true\">Impressum<\/a>\u00a0|\u00a0<a href=\"https:\/\/frauenaerztinnen-im-hain.de\/?page_id=4441\">Datenschutzerkl\u00e4rung<\/a><\/p>\n<p>[\/et_pb_text][\/et_pb_column][\/et_pb_row][\/et_pb_section]<\/p>\n","protected":false},"excerpt":{"rendered":"<p>&nbsp; &nbsp; &nbsp;&nbsp; &nbsp; &nbsp;\u00a9 Frauen\u00e4rztinnen Dr. Doris Wendland, Dr. Aur\u00e9lie Meier und Dr. Franziska Ku\u00dfmann | Kontakt\u00a0|\u00a0Impressum\u00a0|\u00a0Datenschutzerkl\u00e4rung<\/p>\n","protected":false},"author":2,"featured_media":0,"parent":0,"menu_order":0,"comment_status":"closed","ping_status":"closed","template":"","meta":{"_et_pb_use_builder":"on","_et_pb_old_content":"<!-- wp:divi\/placeholder \/-->","_et_gb_content_width":"","footnotes":""},"class_list":["post-65","page","type-page","status-publish","hentry"],"_links":{"self":[{"href":"https:\/\/frauenaerztinnen-im-hain.de\/index.php?rest_route=\/wp\/v2\/pages\/65","targetHints":{"allow":["GET"]}}],"collection":[{"href":"https:\/\/frauenaerztinnen-im-hain.de\/index.php?rest_route=\/wp\/v2\/pages"}],"about":[{"href":"https:\/\/frauenaerztinnen-im-hain.de\/index.php?rest_route=\/wp\/v2\/types\/page"}],"author":[{"embeddable":true,"href":"https:\/\/frauenaerztinnen-im-hain.de\/index.php?rest_route=\/wp\/v2\/users\/2"}],"replies":[{"embeddable":true,"href":"https:\/\/frauenaerztinnen-im-hain.de\/index.php?rest_route=%2Fwp%2Fv2%2Fcomments&post=65"}],"version-history":[{"count":34,"href":"https:\/\/frauenaerztinnen-im-hain.de\/index.php?rest_route=\/wp\/v2\/pages\/65\/revisions"}],"predecessor-version":[{"id":5575,"href":"https:\/\/frauenaerztinnen-im-hain.de\/index.php?rest_route=\/wp\/v2\/pages\/65\/revisions\/5575"}],"wp:attachment":[{"href":"https:\/\/frauenaerztinnen-im-hain.de\/index.php?rest_route=%2Fwp%2Fv2%2Fmedia&parent=65"}],"curies":[{"name":"wp","href":"https:\/\/api.w.org\/{rel}","templated":true}]}}