{"id":76,"date":"2021-08-09T08:50:19","date_gmt":"2021-08-09T08:50:19","guid":{"rendered":"https:\/\/frauenaerztinnen-im-hain.de\/?page_id=76"},"modified":"2021-11-13T10:07:17","modified_gmt":"2021-11-13T10:07:17","slug":"empfaengnisverhuetung","status":"publish","type":"page","link":"https:\/\/frauenaerztinnen-im-hain.de\/?page_id=76","title":{"rendered":"Empf\u00e4ngnisverh\u00fctung"},"content":{"rendered":"<p>[et_pb_section fb_built=&#8220;1&#8243; fullwidth=&#8220;on&#8220; _builder_version=&#8220;4.9.10&#8243; _module_preset=&#8220;default&#8220; animation_style=&#8220;fade&#8220; animation_duration=&#8220;1550ms&#8220; animation_delay=&#8220;150ms&#8220; box_shadow_style=&#8220;preset2&#8243; locked=&#8220;off&#8220;][et_pb_fullwidth_header title=&#8220;Empf\u00e4ngnisverh\u00fctung&#8220; _builder_version=&#8220;4.9.10&#8243; _module_preset=&#8220;default&#8220; title_text_align=&#8220;center&#8220; title_font_size=&#8220;60px&#8220; subhead_text_align=&#8220;center&#8220; background_color=&#8220;RGBA(0,0,0,0)&#8220; background_image=&#8220;https:\/\/frauenaerztinnen-im-hain.de\/wp-content\/uploads\/2021\/09\/photo-1576074892931-753d42b5d831.webp&#8220; background_layout=&#8220;light&#8220; custom_padding=&#8220;200px||200px|||&#8220; custom_padding_tablet=&#8220;60px||60px||false|false&#8220; custom_padding_phone=&#8220;30px||30px||false|false&#8220; custom_padding_last_edited=&#8220;on|desktop&#8220; title_font_size_tablet=&#8220;44px&#8220; title_font_size_phone=&#8220;30px&#8220; title_font_size_last_edited=&#8220;on|phone&#8220; text_shadow_style=&#8220;preset2&#8243;][\/et_pb_fullwidth_header][\/et_pb_section][et_pb_section fb_built=&#8220;1&#8243; _builder_version=&#8220;4.9.10&#8243; _module_preset=&#8220;default&#8220; custom_padding=&#8220;50px|||||&#8220;][et_pb_row _builder_version=&#8220;4.9.10&#8243; _module_preset=&#8220;default&#8220; animation_style=&#8220;fade&#8220; animation_duration=&#8220;1550ms&#8220; animation_delay=&#8220;150ms&#8220;][et_pb_column type=&#8220;4_4&#8243; _builder_version=&#8220;4.9.10&#8243; _module_preset=&#8220;default&#8220;][et_pb_text quote_border_weight=&#8220;10px&#8220; _builder_version=&#8220;4.9.10&#8243; _module_preset=&#8220;default&#8220; text_font=&#8220;||||||||&#8220; text_font_size=&#8220;16px&#8220; quote_font=&#8220;|800|||||||&#8220; quote_text_align=&#8220;right&#8220; animation_style=&#8220;zoom&#8220;]<\/p>\n<div id=\"left-area\">\n<article id=\"post-76\" class=\"post-76 page type-page status-publish hentry\">\n<blockquote>\n<h2 class=\"p5\" style=\"text-align: right;\"><span class=\"s1\">&#8222;Wie Sie verh\u00fcten m\u00f6chten, sollten Sie ganz individuell nach Ihren Bed\u00fcrfnissen und Voraussetzungen entscheiden k\u00f6nnen. Nicht jede Form der Verh\u00fctung ist f\u00fcr jede Frau oder Partnerschaft die Richtige.&#8220;<\/span><\/h2>\n<\/blockquote>\n<p class=\"p5\"><span class=\"s1\"><b><\/b><\/span><\/p>\n<div class=\"entry-content\"><\/div>\n<\/article>\n<\/div>\n<p>[\/et_pb_text][\/et_pb_column][\/et_pb_row][et_pb_row column_structure=&#8220;1_2,1_2&#8243; _builder_version=&#8220;4.9.10&#8243; _module_preset=&#8220;default&#8220; animation_style=&#8220;fade&#8220; animation_duration=&#8220;1550ms&#8220; animation_delay=&#8220;150ms&#8220;][et_pb_column type=&#8220;1_2&#8243; _builder_version=&#8220;4.9.10&#8243; _module_preset=&#8220;default&#8220;][et_pb_image src=&#8220;https:\/\/frauenaerztinnen-im-hain.de\/wp-content\/uploads\/2021\/09\/photo-1576070609890-56bf58d828be.webp&#8220; title_text=&#8220;photo-1576070609890-56bf58d828be&#8220; align=&#8220;center&#8220; _builder_version=&#8220;4.9.10&#8243; _module_preset=&#8220;default&#8220; custom_margin=&#8220;20%||||false|false&#8220; box_shadow_style=&#8220;preset2&#8243;][\/et_pb_image][\/et_pb_column][et_pb_column type=&#8220;1_2&#8243; _builder_version=&#8220;4.9.10&#8243; _module_preset=&#8220;default&#8220;][et_pb_text _builder_version=&#8220;4.9.10&#8243; _module_preset=&#8220;default&#8220; custom_margin=&#8220;||||false|false&#8220;]<\/p>\n<h3 class=\"p5\"><span style=\"text-decoration: underline;\"><span class=\"s1\">Die Anti-Baby-Pille<\/span><\/span><\/h3>\n<p><span class=\"s1\"><\/span><\/p>\n<p class=\"p3\"><span class=\"s1\">Die Anti-Baby-Pille ist eine der am h\u00e4ufigsten verwendeten Verh\u00fctungsmethoden mit einer hohen Sicherheit bei einem &#8222;Pearl-Index&#8220; von 0,1-0,9 je nach Pr\u00e4parat (= bei idealer Anwendung 1-9 unerw\u00fcnschte Schwangerschaften innerhalb eines Jahres bei 1000 Frauen, die die Pille nutzen). Die Pille enth\u00e4lt die weiblichen Geschlechtshormone \u00d6strogen und Gestagen in unterschiedlicher Dosierung und Zusammensetzung. Diese verhindern die Reifung der Eizelle und somit den Eisprung. <\/span><\/p>\n<p class=\"p3\"><span class=\"s1\">Je nach individuellem Risikoprofil und Bed\u00fcrfnissen k\u00f6nnen wir aus einer Vielzahl unterschiedlicher Pillenarten w\u00e4hlen.<br \/><\/span><\/p>\n<p class=\"p3\"><span class=\"s1\">In besonderen Situationen, zum Beispiel bei Patientinnen mit einer erh\u00f6hten Thromboseneigung, ist die Einnahme einer Pille nicht zu empfehlen, da das Risiko bestimmter Nebenwirkungen dem Nutzen deutlich \u00fcberwiegt. <\/span><\/p>\n<p class=\"p3\"><span class=\"s1\">Alternativ zur Anti-Baby-Pille gibt es ebenso die M\u00f6glichkeit eines Vaginalrings, der die oben genannten Hormone an die Schleimhaut der Scheide abgibt. <\/span><\/p>\n<p>[\/et_pb_text][\/et_pb_column][\/et_pb_row][et_pb_row column_structure=&#8220;1_2,1_2&#8243; _builder_version=&#8220;4.9.10&#8243; _module_preset=&#8220;default&#8220; animation_style=&#8220;fade&#8220; animation_duration=&#8220;1550ms&#8220; animation_delay=&#8220;150ms&#8220;][et_pb_column type=&#8220;1_2&#8243; _builder_version=&#8220;4.9.10&#8243; _module_preset=&#8220;default&#8220;][et_pb_text _builder_version=&#8220;4.9.10&#8243; _module_preset=&#8220;default&#8220; custom_margin=&#8220;||||false|false&#8220;]<\/p>\n<h3 class=\"p5\"><span style=\"text-decoration: underline;\"><span class=\"s1\">Die Hormonspirale<\/span><\/span><\/h3>\n<p class=\"p3\"><span class=\"s1\"><\/span><\/p>\n<p class=\"p3\"><span class=\"s1\">Die Hormonspirale ist eine sehr sichere (Pearl-Index 0,16 \u2013 0,33) und unkomplizierte Methode der Langzeitverh\u00fctung. Sie ist ein kleiner T-f\u00f6rmiger Kunststoffk\u00f6rper, welcher in die Geb\u00e4rmutter eingesetzt wird. Je nach Art der Spirale kann diese drei bis f\u00fcnf Jahre in der Geb\u00e4rmutter verbleiben und gibt dort t\u00e4glich eine geringe Menge des Hormons Gestagen an die Geb\u00e4rmutter ab. Der Schleim des Geb\u00e4rmutterhalses wird dadurch verdickt, der Aufbau der <a href=\"https:\/\/www.frauenaerzte-im-netz.de\/koerper-sexualitaet\/weibliche-geschlechtsorgane\/innere-genitalien\/\"><span class=\"s2\">Geb\u00e4rmutterschleimhaut<\/span><\/a> vermindert und so die Befruchtung der Eizelle verhindert.<\/span><\/p>\n<p class=\"p3\"><span class=\"s1\">Die verschiedenen Systeme unterscheiden sich in ihrer Gr\u00f6\u00dfe und in der Dosis des enthaltenen Hormons.<\/span><\/p>\n<p class=\"p3\"><span class=\"s1\">Je nach Pr\u00e4parat kann die Monatsblutung komplett ausbleiben oder sich verringern. Gerade f\u00fcr Frauen, die eine langfristige Verh\u00fctungsmethode w\u00fcnschen, die gegen\u00fcber St\u00f6rfaktoren (Vergessen der Pille, Durchfall oder Erbrechen) resistent ist, kann die Hormonspirale eine ideale M\u00f6glichkeit sein. Dies gilt ebenso f\u00fcr Frauen, die auf Grund von Vorerkrankungen oder Risikofaktoren keine \u00f6strogenhaltigen Verh\u00fctungsmethoden anwenden sollten.<\/span><\/p>\n<p class=\"p3\"><span class=\"s1\">Gerne beraten wir Sie, ob und welche der Hormonspiralen f\u00fcr Sie geeignet sein k\u00f6nnten.<\/span><\/p>\n<p>[\/et_pb_text][\/et_pb_column][et_pb_column type=&#8220;1_2&#8243; _builder_version=&#8220;4.9.10&#8243; _module_preset=&#8220;default&#8220;][et_pb_image src=&#8220;https:\/\/frauenaerztinnen-im-hain.de\/wp-content\/uploads\/2021\/09\/photo-1575997307240-ebdd6b904ae5-scaled.webp&#8220; title_text=&#8220;photo-1575997307240-ebdd6b904ae5&#8243; _builder_version=&#8220;4.9.10&#8243; _module_preset=&#8220;default&#8220; custom_margin=&#8220;25%||||false|false&#8220; box_shadow_style=&#8220;preset2&#8243;][\/et_pb_image][\/et_pb_column][\/et_pb_row][et_pb_row column_structure=&#8220;1_2,1_2&#8243; _builder_version=&#8220;4.9.10&#8243; _module_preset=&#8220;default&#8220; animation_style=&#8220;fade&#8220; animation_duration=&#8220;1550ms&#8220; animation_delay=&#8220;150ms&#8220; custom_css_main_element=&#8220;margin: auto;&#8220;][et_pb_column type=&#8220;1_2&#8243; _builder_version=&#8220;4.9.10&#8243; _module_preset=&#8220;default&#8220;][et_pb_image src=&#8220;https:\/\/frauenaerztinnen-im-hain.de\/wp-content\/uploads\/2021\/09\/photo-1576073978959-4e311df65d60-scaled.webp&#8220; title_text=&#8220;photo-1576073978959-4e311df65d60&#8243; _builder_version=&#8220;4.9.10&#8243; _module_preset=&#8220;default&#8220; custom_margin=&#8220;10%||||false|false&#8220; custom_css_main_element=&#8220;margin: auto; &#8220; box_shadow_style=&#8220;preset2&#8243;][\/et_pb_image][\/et_pb_column][et_pb_column type=&#8220;1_2&#8243; _builder_version=&#8220;4.9.10&#8243; _module_preset=&#8220;default&#8220;][et_pb_text _builder_version=&#8220;4.9.10&#8243; _module_preset=&#8220;default&#8220; custom_margin=&#8220;||||false|false&#8220;]<\/p>\n<h3 class=\"p5\"><span style=\"text-decoration: underline;\"><span class=\"s1\">Die Kupferspirale<\/span><\/span><\/h3>\n<p><span style=\"text-decoration: underline;\"><span class=\"s1\"><\/span><\/span><\/p>\n<p class=\"p3\"><span class=\"s1\">Wenn Sie eine hormonfreie, sichere und st\u00f6rungsunanf\u00e4llige Form der Verh\u00fctung w\u00fcnschen, k\u00f6nnte die Kupferspirale die richtige M\u00f6glichkeit f\u00fcr Sie darstellen. <\/span><\/p>\n<p class=\"p3\"><span class=\"s1\">Hierbei handelt es sich analog zur Hormonspirale um einen T-f\u00f6rmigen K\u00f6rper, der in die Geb\u00e4rmutterh\u00f6hle eingelegt wird. Dieser gibt aber im Gegensatz zur Hormonspirale keine Hormone ab, sondern besteht aus Kunststoff und Kupfer. Die Kupfer-Ionen, die von der Spirale abgegeben werden, sch\u00e4digen die Spermien und wirken so empf\u00e4ngnisverh\u00fctend. Zus\u00e4tzlich ver\u00e4ndert die Spirale die Schleimhaut des <a href=\"https:\/\/www.frauenaerzte-im-netz.de\/koerper-sexualitaet\/weibliche-geschlechtsorgane\/innere-genitalien\/\"><span class=\"s2\">Muttermundes<\/span><\/a> und der <a href=\"https:\/\/www.frauenaerzte-im-netz.de\/koerper-sexualitaet\/weibliche-geschlechtsorgane\/innere-genitalien\/\"><span class=\"s2\">Geb\u00e4rmutter<\/span><\/a>, so dass die Spermien auf ihrem Weg in die Geb\u00e4rmutter gestoppt werden und sich eine m\u00f6glicherweise doch befruchtete Eizelle nicht einnisten kann.<\/span><\/p>\n<p class=\"p3\"><span class=\"s1\">Patientinnen mit einer liegenden Spirale sollten sich regelm\u00e4\u00dfig zur sonographischen Lagekontrolle vorstellen, um die richtige Lage und damit optimale Wirksamkeit der Spirale sicherzustellen.<\/span><\/p>\n<p>[\/et_pb_text][\/et_pb_column][\/et_pb_row][et_pb_row column_structure=&#8220;1_2,1_2&#8243; _builder_version=&#8220;4.9.10&#8243; _module_preset=&#8220;default&#8220; animation_style=&#8220;fade&#8220; animation_duration=&#8220;1550ms&#8220; animation_delay=&#8220;150ms&#8220;][et_pb_column type=&#8220;1_2&#8243; _builder_version=&#8220;4.9.10&#8243; _module_preset=&#8220;default&#8220;][et_pb_text _builder_version=&#8220;4.9.10&#8243; _module_preset=&#8220;default&#8220; custom_margin=&#8220;||||false|false&#8220;]<\/p>\n<h3 class=\"p5\"><span class=\"s1\"><span style=\"text-decoration: underline;\">Die nat\u00fcrliche Familienplanung<\/span> <\/span><\/h3>\n<p><span class=\"s1\"><span style=\"text-decoration: underline;\"><\/span><\/span><\/p>\n<h4 class=\"p5\"><span class=\"s1\">\u2013 eine alternative Verh\u00fctungsmethode, die Sie f\u00fcr die Ver\u00e4nderungen in Ihrem K\u00f6rper sensibilisiert<\/span><\/h4>\n<p><span style=\"text-decoration: underline;\"><span class=\"s1\"><\/span><\/span><\/p>\n<p class=\"p3\"><span class=\"s1\">Die nat\u00fcrliche Familienplanung bietet Ihnen eine gesundheitlich unbedenkliche Verh\u00fctungsmethode, die Sie f\u00fcr die Signale und Ver\u00e4nderungen in Ihrem K\u00f6rper sensibilisiert und Sie zu einer Expertin ihres Zyklus werden l\u00e4sst.<\/span><\/p>\n<p class=\"p3\"><span class=\"s1\">Voraussetzung f\u00fcr die Anwendung der nat\u00fcrlichen Familienplanung ist die Bereitschaft, sich mit dem eigenen K\u00f6rper auseinander zu setzen und eine gewisse Geduld mitzubringen, da die Methode zuerst erlernt werden muss und nicht vom ersten Anwendungstag an einen sicheren Verh\u00fctungsschutz darstellt.<\/span><\/p>\n<p class=\"p3\"><span class=\"s1\">Im Rahmen der nat\u00fcrlichen Familienplanung erlernt die Anwenderin die fruchtbaren Tage selbst zu bestimmen. Dies geschieht anhand der kontinuierlichen Dokumentation von Ver\u00e4nderungen der K\u00f6rpertemperatur, des Zervixschleim, der Festigkeit des Muttermundes und\/oder weiterer Signale des K\u00f6rpers, die auf den Zeitpunkt des Eisprungs hinweisen k\u00f6nnen. Im Zeitraum der fruchtbaren Tage sollte dann kein ungesch\u00fctzter Geschlechtsverkehr stattfinden.<\/span><\/p>\n<p class=\"p3\"><span class=\"s1\">Ein Vorteil dieser Verh\u00fctungsmethode ist neben den ausbleibenden Nebenwirkungen einer medikament\u00f6sen Verh\u00fctung und der St\u00e4rkung der K\u00f6rperwahrnehmung die M\u00f6glichkeit, die Methode bei einem eintretenden Kinderwunsch \u201eumgekehrt\u201c zu verwenden und so den optimalen Zeitraum herauszufiltern, um die Empf\u00e4ngniswahrscheinlichkeit zu erh\u00f6hen.<\/span><\/p>\n<p>[\/et_pb_text][\/et_pb_column][et_pb_column type=&#8220;1_2&#8243; _builder_version=&#8220;4.9.10&#8243; _module_preset=&#8220;default&#8220;][et_pb_image src=&#8220;https:\/\/frauenaerztinnen-im-hain.de\/wp-content\/uploads\/2021\/09\/photo-1550534791-2677533605ab.webp&#8220; title_text=&#8220;photo-1550534791-2677533605ab&#8220; _builder_version=&#8220;4.9.10&#8243; _module_preset=&#8220;default&#8220; custom_margin=&#8220;30%||||false|false&#8220; box_shadow_style=&#8220;preset2&#8243;][\/et_pb_image][\/et_pb_column][\/et_pb_row][et_pb_row column_structure=&#8220;1_2,1_2&#8243; _builder_version=&#8220;4.9.10&#8243; _module_preset=&#8220;default&#8220; animation_style=&#8220;fade&#8220; animation_duration=&#8220;1550ms&#8220; animation_delay=&#8220;150ms&#8220;][et_pb_column type=&#8220;1_2&#8243; _builder_version=&#8220;4.9.10&#8243; _module_preset=&#8220;default&#8220;][et_pb_image src=&#8220;https:\/\/frauenaerztinnen-im-hain.de\/wp-content\/uploads\/2021\/09\/photo-1575997803451-f0752869e498.webp&#8220; title_text=&#8220;photo-1575997803451-f0752869e498&#8243; _builder_version=&#8220;4.9.10&#8243; _module_preset=&#8220;default&#8220; box_shadow_style=&#8220;preset2&#8243;][\/et_pb_image][\/et_pb_column][et_pb_column type=&#8220;1_2&#8243; _builder_version=&#8220;4.9.10&#8243; _module_preset=&#8220;default&#8220;][et_pb_text _builder_version=&#8220;4.9.10&#8243; _module_preset=&#8220;default&#8220; custom_margin=&#8220;15%||||false|false&#8220;]<\/p>\n<h3 class=\"p5\"><span style=\"text-decoration: underline;\"><span class=\"s1\">Weitere Verh\u00fctungsm\u00f6glichkeiten<\/span><\/span><\/h3>\n<p><span style=\"text-decoration: underline;\"><span class=\"s1\"><\/span><\/span><\/p>\n<p class=\"p3\"><span class=\"s1\">Weitere Verh\u00fctungsm\u00f6glichkeiten bestehen in der Nutzung des Kondoms oder des Diaphragmas, eines Hormonpflasters oder der Sterilisation des Mannes oder der Frau. Auch zu diesen Themen geben wir Ihnen gerne Auskunft.<\/span><\/p>\n<p>[\/et_pb_text][\/et_pb_column][\/et_pb_row][et_pb_row _builder_version=&#8220;4.9.10&#8243; _module_preset=&#8220;default&#8220; custom_padding=&#8220;88px|||||&#8220;][et_pb_column type=&#8220;4_4&#8243; _builder_version=&#8220;4.9.10&#8243; _module_preset=&#8220;default&#8220;][et_pb_image src=&#8220;https:\/\/frauenaerztinnen-im-hain.de\/wp-content\/uploads\/2021\/11\/Fragen_1.png&#8220; title_text=&#8220;Fragen_1&#8243; _builder_version=&#8220;4.9.10&#8243; _module_preset=&#8220;default&#8220;][\/et_pb_image][\/et_pb_column][\/et_pb_row][\/et_pb_section][et_pb_section fb_built=&#8220;1&#8243; fullwidth=&#8220;on&#8220; _builder_version=&#8220;4.9.10&#8243; _module_preset=&#8220;default&#8220; locked=&#8220;off&#8220;][et_pb_fullwidth_header title=&#8220; &#8220; subhead=&#8220; &#8220; _builder_version=&#8220;4.9.10&#8243; _module_preset=&#8220;default&#8220; background_color=&#8220;RGBA(0,0,0,0)&#8220; background_image=&#8220;https:\/\/frauenaerztinnen-im-hain.de\/wp-content\/uploads\/2021\/11\/Praxis-FiH-022_2_FUssZEILE.jpg&#8220; parallax=&#8220;on&#8220; custom_padding=&#8220;17px|||||&#8220; filter_blur=&#8220;118px&#8220; hover_enabled=&#8220;0&#8243; filter_blur__hover_enabled=&#8220;on|desktop&#8220; filter_blur_last_edited=&#8220;on|phone&#8220; sticky_enabled=&#8220;0&#8243; filter_blur_tablet=&#8220;80px&#8220; filter_blur_phone=&#8220;50px&#8220;]<\/p>\n<p>&nbsp;<\/p>\n<p>&nbsp;<\/p>\n<p>&nbsp;<\/p>\n<p>[\/et_pb_fullwidth_header][\/et_pb_section][et_pb_section fb_built=&#8220;1&#8243; _builder_version=&#8220;4.9.10&#8243; _module_preset=&#8220;default&#8220; global_module=&#8220;4445&#8243;][et_pb_row _builder_version=&#8220;4.9.10&#8243; _module_preset=&#8220;default&#8220; animation_style=&#8220;fade&#8220; animation_duration=&#8220;1550ms&#8220; animation_delay=&#8220;150ms&#8220;][et_pb_column type=&#8220;4_4&#8243; _builder_version=&#8220;4.9.10&#8243; _module_preset=&#8220;default&#8220;][et_pb_text admin_label=&#8220;Text&#8220; _builder_version=&#8220;4.9.10&#8243; _module_preset=&#8220;default&#8220;]<\/p>\n<p>\u00a9 Frauen\u00e4rztinnen Dr. Doris Wendland, Dr. Aur\u00e9lie Meier und Dr. Franziska Ku\u00dfmann | <a href=\"https:\/\/frauenaerztinnen-im-hain.de\/?page_id=48\">Kontakt<\/a>\u00a0|\u00a0<a href=\"https:\/\/frauenaerztinnen-im-hain.de\/?page_id=4439&amp;preview=true\">Impressum<\/a>\u00a0|\u00a0<a href=\"https:\/\/frauenaerztinnen-im-hain.de\/?page_id=4441\">Datenschutzerkl\u00e4rung<\/a><\/p>\n<p>[\/et_pb_text][\/et_pb_column][\/et_pb_row][\/et_pb_section]<\/p>\n","protected":false},"excerpt":{"rendered":"<p>&#8222;Wie Sie verh\u00fcten m\u00f6chten, sollten Sie ganz individuell nach Ihren Bed\u00fcrfnissen und Voraussetzungen entscheiden k\u00f6nnen. Nicht jede Form der Verh\u00fctung ist f\u00fcr jede Frau oder Partnerschaft die Richtige.&#8220; Die Anti-Baby-Pille Die Anti-Baby-Pille ist eine der am h\u00e4ufigsten verwendeten Verh\u00fctungsmethoden mit einer hohen Sicherheit bei einem &#8222;Pearl-Index&#8220; von 0,1-0,9 je nach Pr\u00e4parat (= bei idealer Anwendung [&hellip;]<\/p>\n","protected":false},"author":2,"featured_media":0,"parent":0,"menu_order":0,"comment_status":"closed","ping_status":"closed","template":"","meta":{"_et_pb_use_builder":"on","_et_pb_old_content":"<!-- wp:divi\/placeholder \/-->","_et_gb_content_width":"","footnotes":""},"class_list":["post-76","page","type-page","status-publish","hentry"],"_links":{"self":[{"href":"https:\/\/frauenaerztinnen-im-hain.de\/index.php?rest_route=\/wp\/v2\/pages\/76","targetHints":{"allow":["GET"]}}],"collection":[{"href":"https:\/\/frauenaerztinnen-im-hain.de\/index.php?rest_route=\/wp\/v2\/pages"}],"about":[{"href":"https:\/\/frauenaerztinnen-im-hain.de\/index.php?rest_route=\/wp\/v2\/types\/page"}],"author":[{"embeddable":true,"href":"https:\/\/frauenaerztinnen-im-hain.de\/index.php?rest_route=\/wp\/v2\/users\/2"}],"replies":[{"embeddable":true,"href":"https:\/\/frauenaerztinnen-im-hain.de\/index.php?rest_route=%2Fwp%2Fv2%2Fcomments&post=76"}],"version-history":[{"count":42,"href":"https:\/\/frauenaerztinnen-im-hain.de\/index.php?rest_route=\/wp\/v2\/pages\/76\/revisions"}],"predecessor-version":[{"id":5414,"href":"https:\/\/frauenaerztinnen-im-hain.de\/index.php?rest_route=\/wp\/v2\/pages\/76\/revisions\/5414"}],"wp:attachment":[{"href":"https:\/\/frauenaerztinnen-im-hain.de\/index.php?rest_route=%2Fwp%2Fv2%2Fmedia&parent=76"}],"curies":[{"name":"wp","href":"https:\/\/api.w.org\/{rel}","templated":true}]}}