{"id":80,"date":"2021-08-09T08:50:49","date_gmt":"2021-08-09T08:50:49","guid":{"rendered":"https:\/\/frauenaerztinnen-im-hain.de\/?page_id=80"},"modified":"2021-11-13T10:07:56","modified_gmt":"2021-11-13T10:07:56","slug":"kinderwunsch","status":"publish","type":"page","link":"https:\/\/frauenaerztinnen-im-hain.de\/?page_id=80","title":{"rendered":"Kinderwunsch"},"content":{"rendered":"<p>[et_pb_section fb_built=&#8220;1&#8243; fullwidth=&#8220;on&#8220; _builder_version=&#8220;4.9.10&#8243; _module_preset=&#8220;default&#8220; animation_style=&#8220;fade&#8220; animation_duration=&#8220;1550ms&#8220; animation_delay=&#8220;150ms&#8220; box_shadow_style=&#8220;preset2&#8243; locked=&#8220;off&#8220;][et_pb_fullwidth_header title=&#8220;Kinderwunsch&#8220; _builder_version=&#8220;4.9.10&#8243; _module_preset=&#8220;default&#8220; title_text_align=&#8220;center&#8220; title_font_size=&#8220;60px&#8220; subhead_text_align=&#8220;center&#8220; background_color=&#8220;RGBA(0,0,0,0)&#8220; background_image=&#8220;https:\/\/frauenaerztinnen-im-hain.de\/wp-content\/uploads\/2021\/11\/Praxis-FiH-008_2.jpg&#8220; custom_padding=&#8220;200px||200px||false|false&#8220; custom_padding_tablet=&#8220;60px||60px||false|false&#8220; custom_padding_phone=&#8220;30px||30px||false|false&#8220; custom_padding_last_edited=&#8220;on|desktop&#8220; title_font_size_tablet=&#8220;44px&#8220; title_font_size_phone=&#8220;30px&#8220; title_font_size_last_edited=&#8220;on|phone&#8220; text_shadow_style=&#8220;preset2&#8243;][\/et_pb_fullwidth_header][\/et_pb_section][et_pb_section fb_built=&#8220;1&#8243; _builder_version=&#8220;4.9.10&#8243; _module_preset=&#8220;default&#8220; custom_margin=&#8220;||-49px|||&#8220;][et_pb_row _builder_version=&#8220;4.9.10&#8243; _module_preset=&#8220;default&#8220; animation_style=&#8220;fade&#8220; animation_duration=&#8220;1550ms&#8220; animation_delay=&#8220;150ms&#8220;][et_pb_column type=&#8220;4_4&#8243; _builder_version=&#8220;4.9.10&#8243; _module_preset=&#8220;default&#8220;][et_pb_text _builder_version=&#8220;4.9.10&#8243; _module_preset=&#8220;default&#8220;]<\/p>\n<div id=\"left-area\">\n<article id=\"post-76\" class=\"post-76 page type-page status-publish hentry\">\n<h3 class=\"p1\"><span style=\"text-decoration: underline;\"><span class=\"s1\">Kinderwunsch?<\/span><\/span><\/h3>\n<h3 class=\"p1\">\u00a0<\/h3>\n<p class=\"p1\"><span class=\"s1\">Sie denken an eine m\u00f6gliche Schwangerschaft? Ob es um das erste oder weitere Kinder geht, wir beraten Sie gerne in der Vorbereitung auf eine Schwangerschaft. Wir \u00fcberpr\u00fcfen Ihren Impfstatus und f\u00fchren m\u00f6gliche fehlende Impfungen durch, beraten Sie bez\u00fcglich der Ern\u00e4hrung oder der Zufuhr wichtiger Vitamine und N\u00e4hrstoffe und helfen Ihnen, Ihren Zyklus zu verstehen und die fruchtbaren Tage zu ermitteln (<a href=\"https:\/\/www.frauenaerzte-im-netz.de\/familienplanung-verhuetung\/natuerliche-familienplanung\/\">Nat\u00fcrliche Familienplanung<\/a> ). Auch ein Zyklusmonitoring mittels Ultraschall ist m\u00f6glich.<\/span><\/p>\n<p class=\"p1\"><span class=\"s1\"><\/span><\/p>\n<blockquote>\n<p class=\"p3\"><span class=\"s1\">Sprechen Sie den Kinderwunsch jederzeit bei uns an und wir sorgen daf\u00fcr, dass Sie f\u00fcr eine potenzielle Schwangerschaft bestens vorbereitet sind.<span class=\"Apple-converted-space\">\u00a0<\/span><\/span><\/p>\n<\/blockquote>\n<\/article>\n<\/div>\n<p>[\/et_pb_text][\/et_pb_column][\/et_pb_row][et_pb_row _builder_version=&#8220;4.9.10&#8243; _module_preset=&#8220;default&#8220; animation_style=&#8220;fade&#8220; animation_duration=&#8220;1550ms&#8220; animation_delay=&#8220;150ms&#8220;][et_pb_column type=&#8220;4_4&#8243; _builder_version=&#8220;4.9.10&#8243; _module_preset=&#8220;default&#8220;][et_pb_image src=&#8220;https:\/\/frauenaerztinnen-im-hain.de\/wp-content\/uploads\/2021\/11\/Praxis-FiH-015_2.jpg&#8220; alt=&#8220;Wartezimmer und Kinderb\u00fccher&#8220; title_text=&#8220;Wartezimmer und Kinderb\u00fccher&#8220; align=&#8220;center&#8220; _builder_version=&#8220;4.9.10&#8243; _module_preset=&#8220;default&#8220; width=&#8220;51%&#8220; width_tablet=&#8220;&#8220; width_phone=&#8220;80%&#8220; width_last_edited=&#8220;on|phone&#8220; box_shadow_style=&#8220;preset2&#8243;][\/et_pb_image][\/et_pb_column][\/et_pb_row][et_pb_row _builder_version=&#8220;4.9.10&#8243; _module_preset=&#8220;default&#8220;][et_pb_column type=&#8220;4_4&#8243; _builder_version=&#8220;4.9.10&#8243; _module_preset=&#8220;default&#8220;][et_pb_image src=&#8220;https:\/\/frauenaerztinnen-im-hain.de\/wp-content\/uploads\/2021\/11\/unerfuellt_1.png&#8220; title_text=&#8220;unerf\u00fcllt_1&#8243; _builder_version=&#8220;4.9.10&#8243; _module_preset=&#8220;default&#8220;][\/et_pb_image][\/et_pb_column][\/et_pb_row][et_pb_row _builder_version=&#8220;4.9.10&#8243; _module_preset=&#8220;default&#8220; animation_style=&#8220;fade&#8220; animation_duration=&#8220;1550ms&#8220; animation_delay=&#8220;150ms&#8220;][et_pb_column type=&#8220;4_4&#8243; _builder_version=&#8220;4.9.10&#8243; _module_preset=&#8220;default&#8220;][et_pb_text _builder_version=&#8220;4.9.10&#8243; _module_preset=&#8220;default&#8220;]<\/p>\n<h4 class=\"p1\"><\/h4>\n<h3><strong><span class=\"s1\"><\/span><\/strong><\/h3>\n<h3><strong><span class=\"s1\"><\/span><\/strong><\/h3>\n<p class=\"p3\"><span class=\"s1\">Wenn nach dem Absetzen der Verh\u00fctungsmittel etwas Zeit vergeht ohne, dass eine Schwangerschaft eintritt, kommt schnell Verunsicherung auf. Doch zun\u00e4chst ist das erstmal kein Grund zur Sorge: Erst wenn nach einem Jahr ungesch\u00fctzten regelm\u00e4\u00dfigen Geschlechtsverkehrs keine Schwangerschaft eintritt, spricht man von einem unerf\u00fcllten Kinderwunsch.<\/span><\/p>\n<p class=\"p3\"><span class=\"s1\"><\/span><\/p>\n<p class=\"p3\"><span class=\"s1\"><\/span><\/p>\n<h4 class=\"p3\" style=\"text-align: left;\"><span class=\"s1\">Dies kann <mark3>vielf\u00e4ltige Gr\u00fcnde <\/mark3> haben. Wichtig ist zuerst ein <mark3>ausf\u00fchrliches Gespr\u00e4ch <\/mark3> zu f\u00fchren. Teilen Sie uns offen Ihre Sorgen mit und wir fragen gezielt nach.<\/span><\/h4>\n<p class=\"p3\"><span class=\"s1\"><\/span><\/p>\n<p class=\"p3\"><span class=\"s1\">Zyklusunregelm\u00e4\u00dfigkeiten, hormonelle Ver\u00e4nderungen, die Spermienqualit\u00e4t, organische Ver\u00e4nderungen (Verwachsungen, Eileiter-Verklebungen, Myome, Endometriose, \u2026) sind nur einige der Ursachen, die f\u00fcr ungewollte Kinderlosigkeit verantwortlich sein k\u00f6nnen.<\/span><\/p>\n<p class=\"p3\"><span class=\"s1\">Wir begleiten Sie Schritt f\u00fcr Schritt auf Ihrem Weg bei unerf\u00fclltem Kinderwunsch. Je nach Befundkonstellation stellen wir f\u00fcr Sie den Kontakt zu einem Kinderwunschzentrum her und bleiben auch w\u00e4hrend einer solchen Behandlung an Ihrer Seite.<\/span><\/p>\n<p>[\/et_pb_text][\/et_pb_column][\/et_pb_row][\/et_pb_section][et_pb_section fb_built=&#8220;1&#8243; fullwidth=&#8220;on&#8220; _builder_version=&#8220;4.9.10&#8243; _module_preset=&#8220;default&#8220; locked=&#8220;off&#8220;][et_pb_fullwidth_header title=&#8220; &#8220; subhead=&#8220; &#8220; _builder_version=&#8220;4.9.10&#8243; _module_preset=&#8220;default&#8220; background_color=&#8220;RGBA(0,0,0,0)&#8220; background_image=&#8220;https:\/\/frauenaerztinnen-im-hain.de\/wp-content\/uploads\/2021\/11\/Praxis-FiH-022_2_FUssZEILE.jpg&#8220; parallax=&#8220;on&#8220; custom_padding=&#8220;17px|||||&#8220; filter_blur=&#8220;118px&#8220; hover_enabled=&#8220;0&#8243; filter_blur__hover_enabled=&#8220;on|desktop&#8220; filter_blur_last_edited=&#8220;on|tablet&#8220; sticky_enabled=&#8220;0&#8243; filter_blur_tablet=&#8220;80px&#8220; filter_blur_phone=&#8220;50px&#8220;]<\/p>\n<p>&nbsp;<\/p>\n<p>&nbsp;<\/p>\n<p>&nbsp;<\/p>\n<p>[\/et_pb_fullwidth_header][\/et_pb_section][et_pb_section fb_built=&#8220;1&#8243; _builder_version=&#8220;4.9.10&#8243; _module_preset=&#8220;default&#8220; global_module=&#8220;4445&#8243;][et_pb_row _builder_version=&#8220;4.9.10&#8243; _module_preset=&#8220;default&#8220; animation_style=&#8220;fade&#8220; animation_duration=&#8220;1550ms&#8220; animation_delay=&#8220;150ms&#8220;][et_pb_column type=&#8220;4_4&#8243; _builder_version=&#8220;4.9.10&#8243; _module_preset=&#8220;default&#8220;][et_pb_text admin_label=&#8220;Text&#8220; _builder_version=&#8220;4.9.10&#8243; _module_preset=&#8220;default&#8220;]<\/p>\n<p>\u00a9 Frauen\u00e4rztinnen Dr. Doris Wendland, Dr. Aur\u00e9lie Meier und Dr. Franziska Ku\u00dfmann | <a href=\"https:\/\/frauenaerztinnen-im-hain.de\/?page_id=48\">Kontakt<\/a>\u00a0|\u00a0<a href=\"https:\/\/frauenaerztinnen-im-hain.de\/?page_id=4439&amp;preview=true\">Impressum<\/a>\u00a0|\u00a0<a href=\"https:\/\/frauenaerztinnen-im-hain.de\/?page_id=4441\">Datenschutzerkl\u00e4rung<\/a><\/p>\n<p>[\/et_pb_text][\/et_pb_column][\/et_pb_row][\/et_pb_section]<\/p>\n","protected":false},"excerpt":{"rendered":"<p>Kinderwunsch? \u00a0 Sie denken an eine m\u00f6gliche Schwangerschaft? Ob es um das erste oder weitere Kinder geht, wir beraten Sie gerne in der Vorbereitung auf eine Schwangerschaft. Wir \u00fcberpr\u00fcfen Ihren Impfstatus und f\u00fchren m\u00f6gliche fehlende Impfungen durch, beraten Sie bez\u00fcglich der Ern\u00e4hrung oder der Zufuhr wichtiger Vitamine und N\u00e4hrstoffe und helfen Ihnen, Ihren Zyklus zu [&hellip;]<\/p>\n","protected":false},"author":2,"featured_media":0,"parent":0,"menu_order":0,"comment_status":"closed","ping_status":"closed","template":"","meta":{"_et_pb_use_builder":"on","_et_pb_old_content":"<!-- wp:divi\/placeholder \/-->","_et_gb_content_width":"","footnotes":""},"class_list":["post-80","page","type-page","status-publish","hentry"],"_links":{"self":[{"href":"https:\/\/frauenaerztinnen-im-hain.de\/index.php?rest_route=\/wp\/v2\/pages\/80","targetHints":{"allow":["GET"]}}],"collection":[{"href":"https:\/\/frauenaerztinnen-im-hain.de\/index.php?rest_route=\/wp\/v2\/pages"}],"about":[{"href":"https:\/\/frauenaerztinnen-im-hain.de\/index.php?rest_route=\/wp\/v2\/types\/page"}],"author":[{"embeddable":true,"href":"https:\/\/frauenaerztinnen-im-hain.de\/index.php?rest_route=\/wp\/v2\/users\/2"}],"replies":[{"embeddable":true,"href":"https:\/\/frauenaerztinnen-im-hain.de\/index.php?rest_route=%2Fwp%2Fv2%2Fcomments&post=80"}],"version-history":[{"count":31,"href":"https:\/\/frauenaerztinnen-im-hain.de\/index.php?rest_route=\/wp\/v2\/pages\/80\/revisions"}],"predecessor-version":[{"id":5415,"href":"https:\/\/frauenaerztinnen-im-hain.de\/index.php?rest_route=\/wp\/v2\/pages\/80\/revisions\/5415"}],"wp:attachment":[{"href":"https:\/\/frauenaerztinnen-im-hain.de\/index.php?rest_route=%2Fwp%2Fv2%2Fmedia&parent=80"}],"curies":[{"name":"wp","href":"https:\/\/api.w.org\/{rel}","templated":true}]}}