{"id":82,"date":"2021-08-09T08:51:10","date_gmt":"2021-08-09T08:51:10","guid":{"rendered":"https:\/\/frauenaerztinnen-im-hain.de\/?page_id=82"},"modified":"2021-11-20T12:20:46","modified_gmt":"2021-11-20T12:20:46","slug":"junge-maedchen-und-frauen","status":"publish","type":"page","link":"https:\/\/frauenaerztinnen-im-hain.de\/?page_id=82","title":{"rendered":"Junge Frauen und M\u00e4dchen"},"content":{"rendered":"<p>[et_pb_section fb_built=&#8220;1&#8243; fullwidth=&#8220;on&#8220; _builder_version=&#8220;4.9.10&#8243; _module_preset=&#8220;default&#8220; animation_style=&#8220;fade&#8220; animation_duration=&#8220;1550ms&#8220; animation_delay=&#8220;150ms&#8220; box_shadow_style=&#8220;preset2&#8243; locked=&#8220;off&#8220;][et_pb_fullwidth_header title=&#8220;Junge Frauen und M\u00e4dchen&#8220; _builder_version=&#8220;4.9.10&#8243; _module_preset=&#8220;default&#8220; title_text_align=&#8220;center&#8220; title_font_size=&#8220;60px&#8220; subhead_text_align=&#8220;center&#8220; background_color=&#8220;RGBA(0,0,0,0)&#8220; background_image=&#8220;https:\/\/frauenaerztinnen-im-hain.de\/wp-content\/uploads\/2021\/11\/Praxis-FiH-018_2.jpg&#8220; custom_padding=&#8220;200px||200px|||&#8220; custom_padding_tablet=&#8220;60px||60px||false|false&#8220; custom_padding_phone=&#8220;30px||30px||false|false&#8220; custom_padding_last_edited=&#8220;on|desktop&#8220; title_font_size_tablet=&#8220;44px&#8220; title_font_size_phone=&#8220;30px&#8220; title_font_size_last_edited=&#8220;on|phone&#8220; text_shadow_style=&#8220;preset2&#8243;][\/et_pb_fullwidth_header][\/et_pb_section][et_pb_section fb_built=&#8220;1&#8243; _builder_version=&#8220;4.9.10&#8243; _module_preset=&#8220;default&#8220; hover_enabled=&#8220;0&#8243; sticky_enabled=&#8220;0&#8243;][et_pb_row _builder_version=&#8220;4.9.10&#8243; _module_preset=&#8220;default&#8220; custom_margin=&#8220;3px|auto||auto||&#8220; animation_style=&#8220;fade&#8220; animation_duration=&#8220;1550ms&#8220; animation_delay=&#8220;150ms&#8220; hover_enabled=&#8220;0&#8243; sticky_enabled=&#8220;0&#8243;][et_pb_column type=&#8220;4_4&#8243; _builder_version=&#8220;4.9.10&#8243; _module_preset=&#8220;default&#8220;][et_pb_text _builder_version=&#8220;4.9.10&#8243; _module_preset=&#8220;default&#8220; hover_enabled=&#8220;0&#8243; sticky_enabled=&#8220;0&#8243;]<\/p>\n<h3 class=\"p1\" style=\"text-align: left;\"><span style=\"text-decoration: underline;\"><span class=\"s1\">F\u00fcr M\u00e4dchen und junge Frauen <\/span><\/span><\/h3>\n<p class=\"p3\">[\/et_pb_text][et_pb_text _builder_version=&#8220;4.9.10&#8243; _module_preset=&#8220;default&#8220; custom_padding=&#8220;2px|||||&#8220; hover_enabled=&#8220;0&#8243; sticky_enabled=&#8220;0&#8243;]<\/p>\n<p class=\"p3\"><span class=\"s1\">F\u00fcr M\u00e4dchen und junge Frauen nehmen wir uns viel Zeit f\u00fcr eine ausf\u00fchrliche Beratung  und die Beantwortung der vielen Fragen, die mit der k\u00f6rperlichen Ver\u00e4nderung aufkommen, die sich im Prozess des Frau-Werdens  auftun.<span class=\"Apple-converted-space\">\u00a0<\/span><\/span><\/p>\n<p class=\"p3\"><span class=\"s1\">Wir erkl\u00e4ren Ihnen die weiblichen Organe am Modell, wie sie funktionieren und welchen Zweck sie erf\u00fcllen. Ebenso f\u00fchren wir die Beratung und Untersuchung bei z.B. Beschwerden auf Grund von Regelschmerzen, Akne, k\u00f6rperlichen Ver\u00e4nderungen etc. durch und beraten Sie zu Ihrem Zyklus und den fruchtbaren Phasen.<span class=\"Apple-converted-space\">\u00a0<\/span><\/span><\/p>\n<p class=\"p3\"><span class=\"s1\">In diesem Zusammenhang ist h\u00e4ufig auch die <a href=\"https:\/\/frauenaerztinnen-im-hain.de\/?page_id=76\">Verh\u00fctung<\/a> ein wichtiges Thema. Wir erl\u00e4utern Ihnen gerne die Vielzahl moderner Verh\u00fctungsm\u00f6glichkeiten, damit Sie Ihre Familienplanung sicher gestalten und unbeschwert Ihre Sexualit\u00e4t genie\u00dfen k\u00f6nnen.<\/span><\/p>\n<p class=\"p3\"><span class=\"s1\">Auch die Vorbeugung und Abkl\u00e4rung von Geschlechtskrankheiten (sexual transmitted desease = STD) ist hier ein wichtiges Thema, welches wir nicht au\u00dfer Acht lassen.<br \/><\/span><\/p>\n<p>[\/et_pb_text][et_pb_image src=&#8220;https:\/\/frauenaerztinnen-im-hain.de\/wp-content\/uploads\/2021\/11\/fuehlen_1.png&#8220; title_text=&#8220;f\u00fchlen_1&#8243; _builder_version=&#8220;4.9.10&#8243; _module_preset=&#8220;default&#8220;][\/et_pb_image][\/et_pb_column][\/et_pb_row][et_pb_row column_structure=&#8220;1_2,1_2&#8243; _builder_version=&#8220;4.9.10&#8243; _module_preset=&#8220;default&#8220; animation_style=&#8220;fade&#8220; animation_duration=&#8220;1550ms&#8220; animation_delay=&#8220;150ms&#8220;][et_pb_column type=&#8220;1_2&#8243; _builder_version=&#8220;4.9.10&#8243; _module_preset=&#8220;default&#8220;][et_pb_image src=&#8220;https:\/\/frauenaerztinnen-im-hain.de\/wp-content\/uploads\/2021\/11\/Praxis-FiH-019_2.jpg&#8220; alt=&#8220;Fenster Folierung Logo &#8220; title_text=&#8220;Fenster Folierung Logo&#8220; align=&#8220;center&#8220; _builder_version=&#8220;4.9.10&#8243; _module_preset=&#8220;default&#8220; box_shadow_style=&#8220;preset2&#8243;][\/et_pb_image][\/et_pb_column][et_pb_column type=&#8220;1_2&#8243; _builder_version=&#8220;4.9.10&#8243; _module_preset=&#8220;default&#8220;][et_pb_text _builder_version=&#8220;4.9.10&#8243; _module_preset=&#8220;default&#8220; custom_margin=&#8220;15%|15%|||false|false&#8220;]<\/p>\n<h3 class=\"p4\"><span style=\"text-decoration: underline;\"><span class=\"s1\">HPV<\/span><\/span><span class=\"s1\"> <\/span><span class=\"s1\">\u2013 fr\u00fchzeitig an die Impfung denken!<\/span><\/h3>\n<p><span style=\"text-decoration: underline;\"><span class=\"s1\"><\/span><\/span><\/p>\n<p class=\"p3\"><span class=\"s1\">Ein weiteres Thema, welches uns am Herzen liegt, ist die  <mark3>Schutzimpfung gegen Geb\u00e4rmutterhalskrebs <\/mark3>, die aktuell allen Kindern und Jugendlichen zwischen 9-14 Jahren \u00fcber den Kinderarzt angeboten wird. Wir \u00fcberpr\u00fcfen gerne Ihren Impfstatus (auch anderer Impfungen) und f\u00fchren fehlende Impfungen durch.<\/span><\/p>\n<p>[\/et_pb_text][\/et_pb_column][\/et_pb_row][et_pb_row _builder_version=&#8220;4.9.10&#8243; _module_preset=&#8220;default&#8220; animation_style=&#8220;fade&#8220; animation_duration=&#8220;1550ms&#8220; animation_delay=&#8220;150ms&#8220;][et_pb_column type=&#8220;4_4&#8243; _builder_version=&#8220;4.9.10&#8243; _module_preset=&#8220;default&#8220;][et_pb_text _builder_version=&#8220;4.9.10&#8243; _module_preset=&#8220;default&#8220;]<\/p>\n<h3 class=\"p4\"><span style=\"text-decoration: underline;\"><span class=\"s1\"><\/span><\/span><\/h3>\n<h3 class=\"p4\"><span style=\"text-decoration: underline;\"><span class=\"s1\"><\/span><\/span><\/h3>\n<h3 class=\"p4\"><span style=\"text-decoration: underline;\"><span class=\"s1\">Sensible Themen besprechen<\/span><\/span><span class=\"s1\"> <\/span><span class=\"s1\">\u2013 in vertraulicher Atmosph\u00e4re<\/span><\/h3>\n<p class=\"p3\"><span class=\"s1\"><\/span><\/p>\n<blockquote>\n<p class=\"p3\"><span class=\"s1\">All diese Themen werden behutsam und absolut vertraulich besprochen.<\/span><\/p>\n<\/blockquote>\n<p class=\"p3\"><span class=\"s1\">Wenn Sie m\u00f6chten, k\u00f6nnen Sie Mutter, Partner oder Partnerin bzw. einen Freund eine Freundin oder eine anderweitige Vertrauensperson zum Erstgespr\u00e4ch mitbringen.<\/span><\/p>\n<p>[\/et_pb_text][\/et_pb_column][\/et_pb_row][\/et_pb_section][et_pb_section fb_built=&#8220;1&#8243; fullwidth=&#8220;on&#8220; _builder_version=&#8220;4.9.10&#8243; _module_preset=&#8220;default&#8220; locked=&#8220;off&#8220;][et_pb_fullwidth_header title=&#8220; &#8220; subhead=&#8220; &#8220; _builder_version=&#8220;4.9.10&#8243; _module_preset=&#8220;default&#8220; background_color=&#8220;RGBA(0,0,0,0)&#8220; background_image=&#8220;https:\/\/frauenaerztinnen-im-hain.de\/wp-content\/uploads\/2021\/11\/Praxis-FiH-022_2_FUssZEILE.jpg&#8220; parallax=&#8220;on&#8220; custom_padding=&#8220;17px|||||&#8220; filter_blur=&#8220;118px&#8220; filter_blur_tablet=&#8220;80px&#8220; filter_blur_phone=&#8220;50px&#8220; filter_blur_last_edited=&#8220;on|phone&#8220; filter_blur__hover_enabled=&#8220;on|desktop&#8220;]<\/p>\n<p>&nbsp;<\/p>\n<p>&nbsp;<\/p>\n<p>&nbsp;<\/p>\n<p>[\/et_pb_fullwidth_header][\/et_pb_section][et_pb_section fb_built=&#8220;1&#8243; _builder_version=&#8220;4.9.10&#8243; _module_preset=&#8220;default&#8220; global_module=&#8220;4445&#8243;][et_pb_row _builder_version=&#8220;4.9.10&#8243; _module_preset=&#8220;default&#8220; animation_style=&#8220;fade&#8220; animation_duration=&#8220;1550ms&#8220; animation_delay=&#8220;150ms&#8220;][et_pb_column type=&#8220;4_4&#8243; _builder_version=&#8220;4.9.10&#8243; _module_preset=&#8220;default&#8220;][et_pb_text admin_label=&#8220;Text&#8220; _builder_version=&#8220;4.9.10&#8243; _module_preset=&#8220;default&#8220; min_height=&#8220;47.3px&#8220; custom_padding=&#8220;8px|||||&#8220;]<\/p>\n<p>\u00a9 Frauen\u00e4rztinnen Dr. Doris Wendland, Dr. Aur\u00e9lie Meier und Dr. Franziska Ku\u00dfmann | <a href=\"https:\/\/frauenaerztinnen-im-hain.de\/?page_id=48\">Kontakt<\/a>\u00a0|\u00a0<a href=\"https:\/\/frauenaerztinnen-im-hain.de\/?page_id=5424&amp;preview=true\">Impressum<\/a>\u00a0|\u00a0<a href=\"https:\/\/frauenaerztinnen-im-hain.de\/?page_id=4441\">Datenschutzerkl\u00e4rung<\/a><\/p>\n<p>[\/et_pb_text][\/et_pb_column][\/et_pb_row][\/et_pb_section]<\/p>\n","protected":false},"excerpt":{"rendered":"<p>F\u00fcr M\u00e4dchen und junge Frauen F\u00fcr M\u00e4dchen und junge Frauen nehmen wir uns viel Zeit f\u00fcr eine ausf\u00fchrliche Beratung und die Beantwortung der vielen Fragen, die mit der k\u00f6rperlichen Ver\u00e4nderung aufkommen, die sich im Prozess des Frau-Werdens auftun.\u00a0 Wir erkl\u00e4ren Ihnen die weiblichen Organe am Modell, wie sie funktionieren und welchen Zweck sie erf\u00fcllen. Ebenso [&hellip;]<\/p>\n","protected":false},"author":2,"featured_media":0,"parent":0,"menu_order":0,"comment_status":"closed","ping_status":"closed","template":"","meta":{"_et_pb_use_builder":"on","_et_pb_old_content":"<!-- wp:divi\/placeholder \/-->","_et_gb_content_width":"","footnotes":""},"class_list":["post-82","page","type-page","status-publish","hentry"],"_links":{"self":[{"href":"https:\/\/frauenaerztinnen-im-hain.de\/index.php?rest_route=\/wp\/v2\/pages\/82","targetHints":{"allow":["GET"]}}],"collection":[{"href":"https:\/\/frauenaerztinnen-im-hain.de\/index.php?rest_route=\/wp\/v2\/pages"}],"about":[{"href":"https:\/\/frauenaerztinnen-im-hain.de\/index.php?rest_route=\/wp\/v2\/types\/page"}],"author":[{"embeddable":true,"href":"https:\/\/frauenaerztinnen-im-hain.de\/index.php?rest_route=\/wp\/v2\/users\/2"}],"replies":[{"embeddable":true,"href":"https:\/\/frauenaerztinnen-im-hain.de\/index.php?rest_route=%2Fwp%2Fv2%2Fcomments&post=82"}],"version-history":[{"count":33,"href":"https:\/\/frauenaerztinnen-im-hain.de\/index.php?rest_route=\/wp\/v2\/pages\/82\/revisions"}],"predecessor-version":[{"id":5464,"href":"https:\/\/frauenaerztinnen-im-hain.de\/index.php?rest_route=\/wp\/v2\/pages\/82\/revisions\/5464"}],"wp:attachment":[{"href":"https:\/\/frauenaerztinnen-im-hain.de\/index.php?rest_route=%2Fwp%2Fv2%2Fmedia&parent=82"}],"curies":[{"name":"wp","href":"https:\/\/api.w.org\/{rel}","templated":true}]}}