{"id":86,"date":"2021-08-09T08:51:40","date_gmt":"2021-08-09T08:51:40","guid":{"rendered":"https:\/\/frauenaerztinnen-im-hain.de\/?page_id=86"},"modified":"2021-11-13T10:09:13","modified_gmt":"2021-11-13T10:09:13","slug":"wechseljahre","status":"publish","type":"page","link":"https:\/\/frauenaerztinnen-im-hain.de\/?page_id=86","title":{"rendered":"Wechseljahre"},"content":{"rendered":"<p>[et_pb_section fb_built=&#8220;1&#8243; fullwidth=&#8220;on&#8220; _builder_version=&#8220;4.9.10&#8243; _module_preset=&#8220;default&#8220; box_shadow_style=&#8220;preset2&#8243; locked=&#8220;off&#8220;][et_pb_fullwidth_header title=&#8220;Wechseljahre&#8220; _builder_version=&#8220;4.9.10&#8243; _module_preset=&#8220;default&#8220; title_text_align=&#8220;center&#8220; title_font_size=&#8220;60px&#8220; subhead_text_align=&#8220;center&#8220; background_color=&#8220;RGBA(0,0,0,0)&#8220; background_image=&#8220;https:\/\/frauenaerztinnen-im-hain.de\/wp-content\/uploads\/2021\/11\/Praxis-FiH-021_2.jpg&#8220; custom_padding=&#8220;200px||200px|||&#8220; custom_padding_tablet=&#8220;60px||60px||false|false&#8220; custom_padding_phone=&#8220;30px||30px||false|false&#8220; custom_padding_last_edited=&#8220;on|phone&#8220; animation_style=&#8220;fade&#8220; animation_duration=&#8220;1550ms&#8220; animation_delay=&#8220;150ms&#8220; title_font_size_tablet=&#8220;44px&#8220; title_font_size_phone=&#8220;30px&#8220; title_font_size_last_edited=&#8220;on|tablet&#8220; text_shadow_style=&#8220;preset1&#8243;][\/et_pb_fullwidth_header][\/et_pb_section][et_pb_section fb_built=&#8220;1&#8243; _builder_version=&#8220;4.9.10&#8243; _module_preset=&#8220;default&#8220;][et_pb_row _builder_version=&#8220;4.9.10&#8243; _module_preset=&#8220;default&#8220; animation_style=&#8220;fade&#8220; animation_duration=&#8220;1550ms&#8220; animation_delay=&#8220;150ms&#8220;][et_pb_column type=&#8220;4_4&#8243; _builder_version=&#8220;4.9.10&#8243; _module_preset=&#8220;default&#8220;][et_pb_text _builder_version=&#8220;4.9.10&#8243; _module_preset=&#8220;default&#8220;]<\/p>\n<h2 class=\"p1\"><span style=\"text-decoration: underline;\"><span class=\"s1\">Die Wechseljahre<\/span><\/span><span class=\"s1\">\u00a0 <\/span><span class=\"s1\">&#8211; wird jetzt alles anders?<\/span><\/h2>\n<p><span class=\"s1\"><\/span><\/p>\n<p class=\"p3\"><span class=\"s1\">Die sogenannten Wechseljahre sind ein nat\u00fcrlicher Prozess jeder Frau, der durch Hormonschwankungen und letztlich eine abnehmende Hormonproduktion gekennzeichnet ist. Die Wahrnehmung dieses Prozesses und die Beschwerden k\u00f6nnen sich jedoch ganz unterschiedlich darstellen. Ein Drittel der Frauen bemerken keinerlei Beschwerden, ein weiteres Drittel hat nur leichte Beschwerden, die sich nicht belastend darstellen und ein Drittel der Patientinnen berichtet \u00fcber stark belastende und einschr\u00e4nkende Beschwerden.<\/span><\/p>\n<blockquote>\n<p class=\"p3\"><span class=\"s1\">Der sinkende Hormonspiegel k\u00fcndigt sich durch die unterschiedlichsten Symptome an, zu denen z.B.<span class=\"Apple-converted-space\">\u00a0 <\/span>Hitzewallungen, Schwei\u00dfausbr\u00fcche, Stimmungsschwankungen und Zyklusunregelm\u00e4\u00dfigkeiten geh\u00f6ren. Schlafst\u00f6rungen, Depressivit\u00e4t, Reizbarkeit, Nervosit\u00e4t und Ersch\u00f6pfungszust\u00e4nde k\u00f6nnen zum Teil sehr belastend sein.<\/span><\/p>\n<\/blockquote>\n<p class=\"p3\"><span class=\"s1\">Da der Beginn der Wechseljahre schleichend, das Alter sehr unterschiedlich und die Symptome in Auftreten und Intensit\u00e4t von Frau zu Frau verschieden sind, wissen viele Patientinnen oftmals nicht, dass die  <mark2>Ursache Ihrer Beschwerden der Hormonspiegel ist. <\/mark2> Da viele Symptome aber auch auf andere Erkrankungen zutreffen k\u00f6nnten, stellt sich bei vielen Frauen die Frage, was der Grund f\u00fcr Ihre Beschwerden ist\u2026<\/span><\/p>\n<p>[\/et_pb_text][\/et_pb_column][\/et_pb_row][et_pb_row column_structure=&#8220;1_2,1_2&#8243; _builder_version=&#8220;4.9.10&#8243; _module_preset=&#8220;default&#8220; animation_style=&#8220;fade&#8220; animation_duration=&#8220;1550ms&#8220; animation_delay=&#8220;150ms&#8220;][et_pb_column type=&#8220;1_2&#8243; _builder_version=&#8220;4.9.10&#8243; _module_preset=&#8220;default&#8220;][et_pb_text _builder_version=&#8220;4.9.10&#8243; _module_preset=&#8220;default&#8220;]<\/p>\n<h3 class=\"p1\"><span class=\"s1\"><span style=\"text-decoration: underline;\">Unsicher?<\/span> <\/span><span class=\"s1\">&#8211; Sprechen Sie uns an<\/span><\/h3>\n<p class=\"p1\"><span class=\"s1\"><\/span><\/p>\n<p class=\"p1\"><span class=\"s1\">Treten unregelm\u00e4\u00dfige Blutungen, Schmerzen in der Brust oder andere Symptome akut auf, sollten Sie einen Termin au\u00dferhalb der normalen Kontrollroutine vereinbaren. Sprechen Sie Unwohlsein und neu beobachtete Ver\u00e4nderungen im Befinden w\u00e4hrend den Vorsorgeuntersuchungen an. Die hormonellen Ver\u00e4nderungen k\u00f6nnen in der Tastuntersuchung sowie durch verschiedene Tests im Labor festgestellt werden.<\/span><\/p>\n<p class=\"p3\"><span class=\"s1\">Sehr einschr\u00e4nkende oder belastende Wechseljahrbeschwerden lassen sich zum Teil durch eine Umstellung der Lebensgewohnheiten, der Ern\u00e4hrung aber auch durch die Einnahme pflanzlicher Mittel lindern. <\/span><\/p>\n<p class=\"p3\"><span class=\"s1\"><strong>Zu beachten ist<\/strong><span style=\"text-decoration: underline;\">,<\/span> dass diese Umstellungen  <mark2>nicht sofort <\/mark2> zu einer Ver\u00e4nderung des Wohlbefindens f\u00fchren und dass pflanzliche Mittel nur wirken, wenn sie in ausreichend hoher Dosierung \u00fcber l\u00e4ngere Zeit eingenommen werden.<\/span><\/p>\n<p class=\"p3\"><span class=\"s1\">Eine Hormonersatztherapie kann in einigen Situationen ebenfalls empfehlenswert sein. <\/span><\/p>\n<p class=\"p3\"><span class=\"s1\">Ob und falls ja welche Therapie f\u00fcr Sie in Frage kommt, besprechen wir mit Ihnen und erkl\u00e4ren Ihnen dabei ausf\u00fchrlich die jeweiligen Vor- und Nachteile.<\/span><\/p>\n<p class=\"p5\">[\/et_pb_text][\/et_pb_column][et_pb_column type=&#8220;1_2&#8243; _builder_version=&#8220;4.9.10&#8243; _module_preset=&#8220;default&#8220;][et_pb_image src=&#8220;https:\/\/frauenaerztinnen-im-hain.de\/wp-content\/uploads\/2021\/11\/Praxis-FiH-016_2.jpg&#8220; alt=&#8220;Lampe im Wartezimmer&#8220; title_text=&#8220;Lampe im Wartezimmer&#8220; align=&#8220;center&#8220; _builder_version=&#8220;4.9.10&#8243; _module_preset=&#8220;default&#8220; module_alignment=&#8220;center&#8220; height=&#8220;553px&#8220; height_tablet=&#8220;459px&#8220; height_phone=&#8220;381px&#8220; height_last_edited=&#8220;on|phone&#8220; custom_margin=&#8220;5%||||false|false&#8220; box_shadow_style=&#8220;preset2&#8243;][\/et_pb_image][\/et_pb_column][\/et_pb_row][et_pb_row column_structure=&#8220;1_2,1_2&#8243; _builder_version=&#8220;4.9.10&#8243; _module_preset=&#8220;default&#8220; animation_style=&#8220;fade&#8220; animation_duration=&#8220;1550ms&#8220; animation_delay=&#8220;150ms&#8220;][et_pb_column type=&#8220;1_2&#8243; _builder_version=&#8220;4.9.10&#8243; _module_preset=&#8220;default&#8220;][et_pb_image src=&#8220;https:\/\/frauenaerztinnen-im-hain.de\/wp-content\/uploads\/2021\/11\/Praxis-FiH-006_2.jpg&#8220; alt=&#8220;Wasserbeh\u00e4lter und Gl\u00e4ser&#8220; title_text=&#8220;Wasserbeh\u00e4lter und Gl\u00e4ser&#8220; align=&#8220;center&#8220; _builder_version=&#8220;4.9.10&#8243; _module_preset=&#8220;default&#8220; module_alignment=&#8220;center&#8220; max_height=&#8220;617px&#8220; max_height_tablet=&#8220;453px&#8220; max_height_phone=&#8220;372px&#8220; max_height_last_edited=&#8220;on|desktop&#8220; custom_margin=&#8220;15%||||false|false&#8220; box_shadow_style=&#8220;preset2&#8243;][\/et_pb_image][\/et_pb_column][et_pb_column type=&#8220;1_2&#8243; _builder_version=&#8220;4.9.10&#8243; _module_preset=&#8220;default&#8220;][et_pb_text _builder_version=&#8220;4.9.10&#8243; _module_preset=&#8220;default&#8220;]<\/p>\n<h3 class=\"p1\"><span class=\"s1\"><span style=\"text-decoration: underline;\">Osteoporose<\/span> <\/span><span class=\"s1\">&#8211; beugen Sie vor!<\/span><\/h3>\n<p><span class=\"s1\"><\/span><\/p>\n<p class=\"p3\"><span class=\"s1\">Osteoporose ist eine Erkrankung, bei der das Knochengewebe deutlich geschw\u00e4cht ist. Dies kann einem niedrigen Mineralsalzgehalt, einer geringen Knochendichte und\/oder einer gest\u00f6rten Knochenarchitektur zugrunde liegen. Als Folge der Erkrankung neigen Knochen und Gelenke dazu, bereits bei niedriger Krafteinwirkung zu brechen. Meist entstehen diese Br\u00fcche am Oberschenkelknochen, den Wirbeln oder am Arm.<\/span><\/p>\n<p class=\"p3\"><span class=\"s1\"> <mark2>Osteoporose kann jeden betreffen. <\/mark2> In der Regel z\u00e4hlen jedoch doppelt so viele Frauen wie M\u00e4nner zu den Erkrankten. Hinzu kommt, dass Frauen in den Wechseljahren unter einem R\u00fcckgang des Hormons \u00d6strogen leiden, welches die Knochen st\u00e4rkt und somit sch\u00fctzt. Dies hat zur Folge, dass die Mehrzahl der Osteoporose-Erkrankungen ab dem 50. Lebensjahr auftreten. Bis zum 70. Lebensjahr leiden rund 45 Prozent der Frauen an der Erkrankung.<\/span><\/p>\n<p class=\"p3\"><span class=\"s1\">Ein Auftreten von Osteoporose unter bestimmten Medikamenten bei Krebstherapie ist nicht ungew\u00f6hnlich. Auch hier sind vorbeugende Ma\u00dfnahmen, bzw. Therapien notwendig. <\/span><\/p>\n<p class=\"p3\"><span class=\"s1\">Zu den vorbeugenden Ma\u00dfnahmen geh\u00f6ren u.a. die knochenfreundliche Ern\u00e4hrung (Kalzium und Vitamin D), Muskeln st\u00e4rken (Bewegung und k\u00f6rperliche Aktivit\u00e4t), Untergewicht vermeiden, Verzicht auf Alkohol und Nikotin. <\/span><\/p>\n<p class=\"p3\"><span class=\"s1\"><strong>Gerne beraten wir Sie<\/strong>, wie Sie einer Osteoporose vorbeugen k\u00f6nnen und unterst\u00fctzen Sie in der Behandlung.<\/span><\/p>\n<p>[\/et_pb_text][\/et_pb_column][\/et_pb_row][\/et_pb_section][et_pb_section fb_built=&#8220;1&#8243; fullwidth=&#8220;on&#8220; _builder_version=&#8220;4.9.10&#8243; _module_preset=&#8220;default&#8220; width=&#8220;100%&#8220; width_tablet=&#8220;100%&#8220; width_phone=&#8220;100%&#8220; width_last_edited=&#8220;on|desktop&#8220; top_divider_height_tablet=&#8220;&#8220; top_divider_height_phone=&#8220;0px&#8220; top_divider_height_last_edited=&#8220;on|phone&#8220; filter_blur_tablet=&#8220;0px&#8220; filter_blur_phone=&#8220;0px&#8220; filter_blur_last_edited=&#8220;on|phone&#8220; locked=&#8220;off&#8220;][et_pb_fullwidth_header title=&#8220; &#8220; subhead=&#8220; &#8220; _builder_version=&#8220;4.9.10&#8243; _module_preset=&#8220;default&#8220; background_color=&#8220;RGBA(0,0,0,0)&#8220; background_image=&#8220;https:\/\/frauenaerztinnen-im-hain.de\/wp-content\/uploads\/2021\/11\/Praxis-FiH-022_2_FUssZEILE.jpg&#8220; parallax=&#8220;on&#8220; custom_padding=&#8220;17px|||||&#8220; filter_blur=&#8220;100px&#8220; hover_enabled=&#8220;0&#8243; filter_blur_tablet=&#8220;80px&#8220; filter_blur_phone=&#8220;50px&#8220; filter_blur_last_edited=&#8220;on|phone&#8220; filter_blur__hover_enabled=&#8220;on|desktop&#8220; sticky_enabled=&#8220;0&#8243;]<\/p>\n<p>&nbsp;<\/p>\n<p>&nbsp;<\/p>\n<p>&nbsp;<\/p>\n<p>[\/et_pb_fullwidth_header][\/et_pb_section][et_pb_section fb_built=&#8220;1&#8243; _builder_version=&#8220;4.9.10&#8243; _module_preset=&#8220;default&#8220; global_module=&#8220;4445&#8243;][et_pb_row _builder_version=&#8220;4.9.10&#8243; _module_preset=&#8220;default&#8220; animation_style=&#8220;fade&#8220; animation_duration=&#8220;1550ms&#8220; animation_delay=&#8220;150ms&#8220;][et_pb_column type=&#8220;4_4&#8243; _builder_version=&#8220;4.9.10&#8243; _module_preset=&#8220;default&#8220;][et_pb_text admin_label=&#8220;Text&#8220; _builder_version=&#8220;4.9.10&#8243; _module_preset=&#8220;default&#8220;]<\/p>\n<p>\u00a9 Frauen\u00e4rztinnen Dr. Doris Wendland, Dr. Aur\u00e9lie Meier und Dr. Franziska Ku\u00dfmann | <a href=\"https:\/\/frauenaerztinnen-im-hain.de\/?page_id=48\">Kontakt<\/a>\u00a0|\u00a0<a href=\"https:\/\/frauenaerztinnen-im-hain.de\/?page_id=4439&amp;preview=true\">Impressum<\/a>\u00a0|\u00a0<a href=\"https:\/\/frauenaerztinnen-im-hain.de\/?page_id=4441\">Datenschutzerkl\u00e4rung<\/a><\/p>\n<p>[\/et_pb_text][\/et_pb_column][\/et_pb_row][\/et_pb_section]<\/p>\n","protected":false},"excerpt":{"rendered":"<p>Die Wechseljahre\u00a0 &#8211; wird jetzt alles anders? Die sogenannten Wechseljahre sind ein nat\u00fcrlicher Prozess jeder Frau, der durch Hormonschwankungen und letztlich eine abnehmende Hormonproduktion gekennzeichnet ist. Die Wahrnehmung dieses Prozesses und die Beschwerden k\u00f6nnen sich jedoch ganz unterschiedlich darstellen. Ein Drittel der Frauen bemerken keinerlei Beschwerden, ein weiteres Drittel hat nur leichte Beschwerden, die sich [&hellip;]<\/p>\n","protected":false},"author":2,"featured_media":0,"parent":0,"menu_order":0,"comment_status":"closed","ping_status":"closed","template":"","meta":{"_et_pb_use_builder":"on","_et_pb_old_content":"<!-- wp:divi\/placeholder \/-->","_et_gb_content_width":"","footnotes":""},"class_list":["post-86","page","type-page","status-publish","hentry"],"_links":{"self":[{"href":"https:\/\/frauenaerztinnen-im-hain.de\/index.php?rest_route=\/wp\/v2\/pages\/86","targetHints":{"allow":["GET"]}}],"collection":[{"href":"https:\/\/frauenaerztinnen-im-hain.de\/index.php?rest_route=\/wp\/v2\/pages"}],"about":[{"href":"https:\/\/frauenaerztinnen-im-hain.de\/index.php?rest_route=\/wp\/v2\/types\/page"}],"author":[{"embeddable":true,"href":"https:\/\/frauenaerztinnen-im-hain.de\/index.php?rest_route=\/wp\/v2\/users\/2"}],"replies":[{"embeddable":true,"href":"https:\/\/frauenaerztinnen-im-hain.de\/index.php?rest_route=%2Fwp%2Fv2%2Fcomments&post=86"}],"version-history":[{"count":28,"href":"https:\/\/frauenaerztinnen-im-hain.de\/index.php?rest_route=\/wp\/v2\/pages\/86\/revisions"}],"predecessor-version":[{"id":5417,"href":"https:\/\/frauenaerztinnen-im-hain.de\/index.php?rest_route=\/wp\/v2\/pages\/86\/revisions\/5417"}],"wp:attachment":[{"href":"https:\/\/frauenaerztinnen-im-hain.de\/index.php?rest_route=%2Fwp%2Fv2%2Fmedia&parent=86"}],"curies":[{"name":"wp","href":"https:\/\/api.w.org\/{rel}","templated":true}]}}